{"id":185333,"date":"2020-03-11T14:30:56","date_gmt":"2020-03-11T18:30:56","guid":{"rendered":"http:\/\/santemc.quebec\/icentre\/?page_id=185333"},"modified":"2022-04-21T16:29:30","modified_gmt":"2022-04-21T20:29:30","slug":"les-dernieres-nouvelles-concernant-le-coronavirus-covid-19","status":"publish","type":"page","link":"https:\/\/santemc.quebec\/icentre\/les-dernieres-nouvelles-concernant-le-coronavirus-covid-19\/","title":{"rendered":"Coronavirus (COVID-19)"},"content":{"rendered":"<p>\n<style type=\"text\/css\">.singular .entry-title {display:none;}<\/style>\n<\/p>\n<h3><img decoding=\"async\" loading=\"lazy\" class=\"alignleft wp-image-185343 size-full\" src=\"https:\/\/santemc.quebec\/santemc\/icentre\/wp-content\/uploads\/2020\/03\/19-210-03W_info_Coronavirus_1920x400.jpg\" alt=\"\" width=\"1920\" height=\"400\" srcset=\"https:\/\/santemc.quebec\/santemc\/icentre\/wp-content\/uploads\/2020\/03\/19-210-03W_info_Coronavirus_1920x400.jpg 1920w, https:\/\/santemc.quebec\/santemc\/icentre\/wp-content\/uploads\/2020\/03\/19-210-03W_info_Coronavirus_1920x400-300x63.jpg 300w, https:\/\/santemc.quebec\/santemc\/icentre\/wp-content\/uploads\/2020\/03\/19-210-03W_info_Coronavirus_1920x400-768x160.jpg 768w, https:\/\/santemc.quebec\/santemc\/icentre\/wp-content\/uploads\/2020\/03\/19-210-03W_info_Coronavirus_1920x400-1024x213.jpg 1024w, https:\/\/santemc.quebec\/santemc\/icentre\/wp-content\/uploads\/2020\/03\/19-210-03W_info_Coronavirus_1920x400-500x104.jpg 500w\" sizes=\"(max-width: 1920px) 100vw, 1920px\" \/><\/h3>\n<h3>Les derni\u00e8res nouvelles<\/h3>\n<ul>\n<li>Note de service : <a href=\"https:\/\/santemc.quebec\/santemc\/icentre\/wp-content\/uploads\/2022\/04\/2022-04-21_NS_Interdiction_visiteur_unites-eclosion.pdf\" target=\"_blank\" rel=\"noopener\">Directive concernant les visiteurs sur les unit\u00e9s en \u00e9closion de COVID-19 \u00e0 l\u2019H\u00f4pital Charles-Le Moyne (HCLM) et \u00e0 l\u2019H\u00f4pital du Haut-Richelieu (HHR)<\/a> (2022-04-21)<\/li>\n<li>Note de service : <a href=\"https:\/\/santemc.quebec\/santemc\/icentre\/wp-content\/uploads\/2022\/04\/2022-04-19_NS_Reinfection_possible_SRAS-CoV-2_recrudescence_influenza_A.pdf\" target=\"_blank\" rel=\"noopener\">R\u00e9infection possible au SRAS-CoV-2 et recrudescence de l\u2019influenza A<\/a> (2022-04-19)<\/li>\n<li>Note de service : <a href=\"https:\/\/santemc.quebec\/santemc\/icentre\/wp-content\/uploads\/2022\/04\/2022-04-08_NS_Rappel_ajustements_PCI.pdf\" target=\"_blank\" rel=\"noopener\">Mise \u00e0 jour du rappel et ajustements des consignes de la pr\u00e9vention et contr\u00f4les des infections (PCI)<\/a> (2022-04-08)<\/li>\n<li>Note de service : <a href=\"https:\/\/santemc.quebec\/santemc\/icentre\/wp-content\/uploads\/2022\/04\/2022-04-07_NS_Horaire_fit_test_N95.pdf\" target=\"_blank\" rel=\"noopener\">Horaire des s\u00e9ances d\u2019ajustement (\u00ab fit-test \u00bb) pour le port du masque N95 pour tous les milieux de soins du CISSSMC<\/a> (2022-04-07<\/li>\n<\/ul>\n<p>Une ligne d\u2019information \u00e0 l\u2019intention des employ\u00e9s et m\u00e9decins pour r\u00e9pondre \u00e0 toutes les questions associ\u00e9es au COVID-19, qu\u2019il s\u2019agisse d\u2019obtenir un rendez-vous rapide de d\u00e9pistage, ou pour toute pr\u00e9occupation d\u2019ordre physique et psychosocial. <a class=\"pdf\" href=\"https:\/\/santemc.quebec\/santemc\/icentre\/wp-content\/uploads\/2020\/09\/2020-09-11_CI_53_ligne-telephonique-COVID.pdf\" target=\"_blank\" rel=\"noopener noreferrer\">Plus de d\u00e9tails<\/a>.<\/p>\n<p>&nbsp;<\/p>\n","protected":false},"excerpt":{"rendered":"<p>Les derni\u00e8res nouvelles Note de service : Directive concernant les visiteurs sur les unit\u00e9s en \u00e9closion de COVID-19 \u00e0 l\u2019H\u00f4pital Charles-Le Moyne (HCLM) et \u00e0 l\u2019H\u00f4pital du Haut-Richelieu (HHR) (2022-04-21) Note de service : R\u00e9infection possible au SRAS-CoV-2 et recrudescence &hellip; <a href=\"https:\/\/santemc.quebec\/icentre\/les-dernieres-nouvelles-concernant-le-coronavirus-covid-19\/\">Continuer la lecture <span class=\"meta-nav\">&rarr;<\/span><\/a><\/p>\n","protected":false},"author":1,"featured_media":0,"parent":0,"menu_order":0,"comment_status":"closed","ping_status":"closed","template":"covid19.php","meta":{"footnotes":""},"_links":{"self":[{"href":"https:\/\/santemc.quebec\/icentre\/wp-json\/wp\/v2\/pages\/185333"}],"collection":[{"href":"https:\/\/santemc.quebec\/icentre\/wp-json\/wp\/v2\/pages"}],"about":[{"href":"https:\/\/santemc.quebec\/icentre\/wp-json\/wp\/v2\/types\/page"}],"author":[{"embeddable":true,"href":"https:\/\/santemc.quebec\/icentre\/wp-json\/wp\/v2\/users\/1"}],"replies":[{"embeddable":true,"href":"https:\/\/santemc.quebec\/icentre\/wp-json\/wp\/v2\/comments?post=185333"}],"version-history":[{"count":554,"href":"https:\/\/santemc.quebec\/icentre\/wp-json\/wp\/v2\/pages\/185333\/revisions"}],"predecessor-version":[{"id":205614,"href":"https:\/\/santemc.quebec\/icentre\/wp-json\/wp\/v2\/pages\/185333\/revisions\/205614"}],"wp:attachment":[{"href":"https:\/\/santemc.quebec\/icentre\/wp-json\/wp\/v2\/media?parent=185333"}],"curies":[{"name":"wp","href":"https:\/\/api.w.org\/{rel}","templated":true}]}}