{"id":186988,"date":"2020-04-17T09:05:43","date_gmt":"2020-04-17T13:05:43","guid":{"rendered":"http:\/\/santemc.quebec\/icentre\/?page_id=186988"},"modified":"2020-05-08T18:57:31","modified_gmt":"2020-05-08T22:57:31","slug":"gallerie-de-photos","status":"publish","type":"page","link":"https:\/\/santemc.quebec\/icentre\/gallerie-de-photos\/","title":{"rendered":"Partagez-nous vos images et t\u00e9moignages!"},"content":{"rendered":"<p>Vous \u00eates invit\u00e9s \u00e0 nous transmettre d\u00e8s maintenant des photos, vid\u00e9os ou textes qui t\u00e9moignent de la fa\u00e7on dont vous vous mobilisez.<\/p>\n<p>Nous souhaitons que cette plateforme soit un v\u00e9hicule qui met en lumi\u00e8re et reconna\u00eet l\u2019inestimable contribution de tout un chacun en pareil moment.<\/p>\n<p style=\"color: #ff0000;\"><strong>ATTENTION : Lors de la prise de photo, vous devez respecter toutes les mesures de protection qui sont en vigueur dans votre milieu de travail (distanciation, port du masque, lunettes protectrices, etc).<\/strong><\/p>\n<p>&nbsp;<\/p>\nVeuillez s\u00e9lectionner un formulaire valide\n","protected":false},"excerpt":{"rendered":"<p>Vous \u00eates invit\u00e9s \u00e0 nous transmettre d\u00e8s maintenant des photos, vid\u00e9os ou textes qui t\u00e9moignent de la fa\u00e7on dont vous vous mobilisez. Nous souhaitons que cette plateforme soit un v\u00e9hicule qui met en lumi\u00e8re et reconna\u00eet l\u2019inestimable contribution de tout &hellip; <a href=\"https:\/\/santemc.quebec\/icentre\/gallerie-de-photos\/\">Continuer la lecture <span class=\"meta-nav\">&rarr;<\/span><\/a><\/p>\n","protected":false},"author":1,"featured_media":0,"parent":0,"menu_order":0,"comment_status":"closed","ping_status":"closed","template":"covid19.php","meta":{"footnotes":""},"_links":{"self":[{"href":"https:\/\/santemc.quebec\/icentre\/wp-json\/wp\/v2\/pages\/186988"}],"collection":[{"href":"https:\/\/santemc.quebec\/icentre\/wp-json\/wp\/v2\/pages"}],"about":[{"href":"https:\/\/santemc.quebec\/icentre\/wp-json\/wp\/v2\/types\/page"}],"author":[{"embeddable":true,"href":"https:\/\/santemc.quebec\/icentre\/wp-json\/wp\/v2\/users\/1"}],"replies":[{"embeddable":true,"href":"https:\/\/santemc.quebec\/icentre\/wp-json\/wp\/v2\/comments?post=186988"}],"version-history":[{"count":12,"href":"https:\/\/santemc.quebec\/icentre\/wp-json\/wp\/v2\/pages\/186988\/revisions"}],"predecessor-version":[{"id":187625,"href":"https:\/\/santemc.quebec\/icentre\/wp-json\/wp\/v2\/pages\/186988\/revisions\/187625"}],"wp:attachment":[{"href":"https:\/\/santemc.quebec\/icentre\/wp-json\/wp\/v2\/media?parent=186988"}],"curies":[{"name":"wp","href":"https:\/\/api.w.org\/{rel}","templated":true}]}}