{"id":189424,"date":"2020-09-04T10:58:18","date_gmt":"2020-09-04T14:58:18","guid":{"rendered":"http:\/\/santemc.quebec\/icentre\/?page_id=189424"},"modified":"2021-06-18T14:38:18","modified_gmt":"2021-06-18T18:38:18","slug":"candidature-pour-la-formation-pab-2e-cohorte-automne-2020","status":"publish","type":"page","link":"https:\/\/santemc.quebec\/icentre\/candidature-pour-la-formation-pab-2e-cohorte-automne-2020\/","title":{"rendered":"Candidature pour la formation PAB"},"content":{"rendered":"<p>\n<!-- Facebook Pixel Code -->\r\n<script>\r\n!function(f,b,e,v,n,t,s)\r\n{if(f.fbq)return;n=f.fbq=function(){n.callMethod?\r\nn.callMethod.apply(n,arguments):n.queue.push(arguments)};\r\nif(!f._fbq)f._fbq=n;n.push=n;n.loaded=!0;n.version='2.0';\r\nn.queue=[];t=b.createElement(e);t.async=!0;\r\nt.src=v;s=b.getElementsByTagName(e)[0];\r\ns.parentNode.insertBefore(t,s)}(window,document,'script',\r\n'https:\/\/connect.facebook.net\/en_US\/fbevents.js');\r\nfbq('init', '869319620546380'); \r\nfbq('track', 'PageView');\r\nfbq('track', 'CompleteRegistration');\r\n<\/script>\r\n<noscript>\r\n<img height=\"1\" width=\"1\" \r\nsrc=\"https:\/\/www.facebook.com\/tr?id=869319620546380&ev=PageView\r\n&noscript=1\"\/>\r\n<\/noscript>\r\n<!-- End Facebook Pixel Code -->\n<\/p>\n<p><img decoding=\"async\" loading=\"lazy\" class=\"aligncenter size-full wp-image-189425\" src=\"https:\/\/santemc.quebec\/santemc\/icentre\/wp-content\/uploads\/2020\/09\/2-730x180-PAB.jpg\" alt=\"\" width=\"1430\" height=\"360\" srcset=\"https:\/\/santemc.quebec\/santemc\/icentre\/wp-content\/uploads\/2020\/09\/2-730x180-PAB.jpg 1430w, https:\/\/santemc.quebec\/santemc\/icentre\/wp-content\/uploads\/2020\/09\/2-730x180-PAB-300x76.jpg 300w, https:\/\/santemc.quebec\/santemc\/icentre\/wp-content\/uploads\/2020\/09\/2-730x180-PAB-1024x258.jpg 1024w, https:\/\/santemc.quebec\/santemc\/icentre\/wp-content\/uploads\/2020\/09\/2-730x180-PAB-768x193.jpg 768w, https:\/\/santemc.quebec\/santemc\/icentre\/wp-content\/uploads\/2020\/09\/2-730x180-PAB-500x126.jpg 500w\" sizes=\"(max-width: 1430px) 100vw, 1430px\" \/><\/p>\n<p>Pour devenir pr\u00e9pos\u00e9 ou pr\u00e9pos\u00e9e en CHSLD, vous pouvez compl\u00e9ter l\u2019attestation d\u2019\u00e9tudes professionnelles Soutien aux soins d\u2019assistance en \u00e9tablissement de sant\u00e9.<\/p>\n<ul>\n<li>Il s\u2019agit d\u2019une formation \u00e0 temps plein d\u2019une dur\u00e9e de 12 semaines (375 heures)<\/li>\n<li>Vous recevrez une bourse de 9 210 $, r\u00e9partie en trois versements<\/li>\n<li>La formation sera offerte de jour et\/ou de soir, et se d\u00e9roulera (se d\u00e9rouleront en ao\u00fbt pour les 2 commissions scolaires, dates de d\u00e9but \u00e0 confirmer)<\/li>\n<li>Vous devez \u00eatre r\u00e9sident permanent ou citoyen canadien pour suivre la formation<\/li>\n<\/ul>\n<p><strong>En envoyant votre candidature au CISSS de la Mont\u00e9r\u00e9gie-Centre, vous acceptez de travailler <\/strong><strong>dans l&rsquo;un de nos<br \/>\n8 CHSLD :<\/strong><\/p>\n<p><strong>R\u00c9GION DE CHAMPLAIN<\/strong><\/p>\n<ul>\n<li>CHSLD Champlain (Brossard)<\/li>\n<li>CHSLD Henriette-C\u00e9r\u00e9 (Saint-Hubert)<\/li>\n<\/ul>\n<p><strong>R\u00c9GION HAUT-RICHELIEU-ROUVILLE<\/strong><\/p>\n<ul>\n<li>CHSLD Champagnat (Saint-Jean-sur-Richelieu)<\/li>\n<li>CHSLD Georges-Phaneuf (Saint-Jean-sur-Richelieu)<\/li>\n<li>CHSLD Gertrude-Lafrance (Saint-Jean-sur-Richelieu)<\/li>\n<li>CHSLD Sainte-Croix (Marieville)<\/li>\n<li>CHSLD Saint-Joseph (Chambly)<\/li>\n<li>CHSLD Val-Joli (Saint-C\u00e9saire)<\/li>\n<\/ul>\n<p>Vous devez aussi \u00eatre disponible 5 jours \/ semaine, 1 fin de semaine \/ 2 pour travailler de jour, de soir ou de nuit.<\/p>\n<div class=\"frm_forms  with_frm_style frm_style_formidable-style\" id=\"frm_form_53_container\" >\n<form enctype=\"multipart\/form-data\" method=\"post\" class=\"frm-show-form  frm_pro_form \" id=\"form_qnj3239576aa2ab\"  >\n<div class=\"frm_form_fields \">\n<fieldset>\n<legend class=\"frm_screen_reader\">Formation PAB - 2e cohorte <\/legend>\r\n\r\n<div class=\"frm_fields_container\">\n<input type=\"hidden\" name=\"frm_action\" value=\"create\" \/>\n<input type=\"hidden\" name=\"form_id\" value=\"53\" \/>\n<input type=\"hidden\" name=\"frm_hide_fields_53\" id=\"frm_hide_fields_53\" value=\"\" \/>\n<input type=\"hidden\" name=\"form_key\" value=\"qnj3239576aa2ab\" \/>\n<input type=\"hidden\" name=\"item_meta[0]\" value=\"\" \/>\n<input type=\"hidden\" id=\"frm_submit_entry_53\" name=\"frm_submit_entry_53\" value=\"e884f75935\" \/><input type=\"hidden\" name=\"_wp_http_referer\" value=\"\/icentre\/wp-json\/wp\/v2\/pages\/189424\" \/><div id=\"frm_field_1317_container\" class=\"frm_form_field form-field  frm_required_field frm_top_container frm_half\">\r\n    <label for=\"field_19nyt6c0342d014\" class=\"frm_primary_label\">Nom\r\n        <span class=\"frm_required\">*<\/span>\r\n    <\/label>\r\n    <input type=\"text\" id=\"field_19nyt6c0342d014\" name=\"item_meta[1317]\" value=\"\"  data-reqmsg=\"Ce champ ne peut pas \u00eatre vide\" aria-required=\"true\" data-invmsg=\"texte est non valide\" aria-invalid=\"false\"  \/>\r\n    \r\n    \r\n<\/div>\n<div id=\"frm_field_1318_container\" class=\"frm_form_field form-field  frm_required_field frm_top_container frm_half\">\r\n    <label for=\"field_juhhi5d6213ae1d\" class=\"frm_primary_label\">Pr\u00e9nom\r\n        <span class=\"frm_required\">*<\/span>\r\n    <\/label>\r\n    <input type=\"text\" id=\"field_juhhi5d6213ae1d\" name=\"item_meta[1318]\" value=\"\"  data-reqmsg=\"Ce champ ne peut pas \u00eatre vide\" aria-required=\"true\" data-invmsg=\"texte est non valide\" aria-invalid=\"false\"  \/>\r\n    \r\n    \r\n<\/div>\n<div id=\"frm_field_1320_container\" class=\"frm_form_field form-field  frm_required_field frm_top_container frm_half\">\r\n    <label for=\"field_xgq2t07f3dde3bb\" class=\"frm_primary_label\">Courriel\r\n        <span class=\"frm_required\">*<\/span>\r\n    <\/label>\r\n    <input type=\"email\" id=\"field_xgq2t07f3dde3bb\" name=\"item_meta[1320]\" value=\"\"  data-reqmsg=\"Ce champ ne peut pas \u00eatre vide\" aria-required=\"true\" data-invmsg=\"E-mail est non valide\" aria-invalid=\"false\"  \/>\r\n    \r\n    \r\n<\/div>\n<div id=\"frm_field_1321_container\" class=\"frm_form_field form-field  frm_required_field frm_top_container frm_half\">\r\n    <label for=\"field_ie67lbb6fba1549\" class=\"frm_primary_label\">T\u00e9l\u00e9phone\r\n        <span class=\"frm_required\">*<\/span>\r\n    <\/label>\r\n    <input type=\"tel\" id=\"field_ie67lbb6fba1549\" name=\"item_meta[1321]\" value=\"\"  data-reqmsg=\"Ce champ ne peut pas \u00eatre vide\" aria-required=\"true\" data-invmsg=\"Phone est non valide\" aria-invalid=\"false\" pattern=\"((\\+\\d{1,3}(-|.| )?\\(?\\d\\)?(-| |.)?\\d{1,5})|(\\(?\\d{2,6}\\)?))(-|.| )?(\\d{3,4})(-|.| )?(\\d{4})(( x| ext)\\d{1,5}){0,1}$\"  \/>\r\n    \r\n    \r\n<\/div>\n<div id=\"frm_field_1544_container\" class=\"frm_form_field form-field  frm_top_container\">\r\n    <label for=\"field_jst4w\" id=\"field_jst4w_label\" class=\"frm_primary_label\">Ville dans laquelle vous demeurez\r\n        <span class=\"frm_required\"><\/span>\r\n    <\/label>\r\n    <input type=\"text\" id=\"field_jst4w\" name=\"item_meta[1544]\" value=\"\"  data-invmsg=\"texte est non valide\" aria-invalid=\"false\"  \/>\r\n    \r\n    \r\n<\/div>\n<div id=\"frm_field_1608_container\" class=\"frm_form_field form-field  frm_top_container vertical_radio\">\r\n    <div  id=\"field_dglxm_label\" class=\"frm_primary_label\">Ville(s) dans laquelle(s) vous \u00eates disponible pour travailler : \r\n        <span class=\"frm_required\" aria-hidden=\"true\"><\/span>\r\n    <\/div>\r\n    <div class=\"frm_opt_container\" aria-labelledby=\"field_dglxm_label\" role=\"group\">\t\t<div class=\"frm_checkbox\" id=\"frm_checkbox_1608-0\"><label for=\"field_dglxm-0\"><input type=\"checkbox\" name=\"item_meta[1608][]\" id=\"field_dglxm-0\" value=\"Brossard\"  data-invmsg=\"Ville(s) dans laquelle(s) vous \u00eates disponible pour travailler :  est non valide\" aria-invalid=\"false\"   \/> Brossard<\/label><\/div>\n\t\t<div class=\"frm_checkbox\" id=\"frm_checkbox_1608-1\"><label for=\"field_dglxm-1\"><input type=\"checkbox\" name=\"item_meta[1608][]\" id=\"field_dglxm-1\" value=\"Saint-Hubert\"  data-invmsg=\"Ville(s) dans laquelle(s) vous \u00eates disponible pour travailler :  est non valide\" aria-invalid=\"false\"   \/> Saint-Hubert<\/label><\/div>\n\t\t<div class=\"frm_checkbox\" id=\"frm_checkbox_1608-2\"><label for=\"field_dglxm-2\"><input type=\"checkbox\" name=\"item_meta[1608][]\" id=\"field_dglxm-2\" value=\"Saint-Jean-sur-Richelieu\"  data-invmsg=\"Ville(s) dans laquelle(s) vous \u00eates disponible pour travailler :  est non valide\" aria-invalid=\"false\"   \/> Saint-Jean-sur-Richelieu<\/label><\/div>\n\t\t<div class=\"frm_checkbox\" id=\"frm_checkbox_1608-3\"><label for=\"field_dglxm-3\"><input type=\"checkbox\" name=\"item_meta[1608][]\" id=\"field_dglxm-3\" value=\"Chambly\"  data-invmsg=\"Ville(s) dans laquelle(s) vous \u00eates disponible pour travailler :  est non valide\" aria-invalid=\"false\"   \/> Chambly<\/label><\/div>\n\t\t<div class=\"frm_checkbox\" id=\"frm_checkbox_1608-4\"><label for=\"field_dglxm-4\"><input type=\"checkbox\" name=\"item_meta[1608][]\" id=\"field_dglxm-4\" value=\"Marieville\"  data-invmsg=\"Ville(s) dans laquelle(s) vous \u00eates disponible pour travailler :  est non valide\" aria-invalid=\"false\"   \/> Marieville<\/label><\/div>\n\t\t<div class=\"frm_checkbox\" id=\"frm_checkbox_1608-5\"><label for=\"field_dglxm-5\"><input type=\"checkbox\" name=\"item_meta[1608][]\" id=\"field_dglxm-5\" value=\"Saint-C\u00e9saire\"  data-invmsg=\"Ville(s) dans laquelle(s) vous \u00eates disponible pour travailler :  est non valide\" aria-invalid=\"false\"   \/> Saint-C\u00e9saire<\/label><\/div>\n<\/div>\r\n    \r\n    \r\n<\/div>\n<div id=\"frm_field_1330_container\" class=\"frm_form_field form-field  frm_required_field frm_top_container vertical_radio\">\r\n    <div  id=\"field_wm4hn_label\" class=\"frm_primary_label\">Je suis pr\u00e9sentement \u00e0 l'emploi du CISSS de la Mont\u00e9r\u00e9gie-Centre\r\n        <span class=\"frm_required\">*<\/span>\r\n    <\/div>\r\n    <div class=\"frm_opt_container\" aria-labelledby=\"field_wm4hn_label\" role=\"group\" aria-required=\"true\">\t\t<div class=\"frm_checkbox\" id=\"frm_checkbox_1330-1\"><label for=\"field_wm4hn-1\"><input type=\"checkbox\" name=\"item_meta[1330][]\" id=\"field_wm4hn-1\" value=\"Oui\"  data-reqmsg=\"Ce champ ne peut pas \u00eatre vide\" data-invmsg=\"Je suis pr\u00e9sentement \u00e0 l&#039;emploi du CISSS de la Mont\u00e9r\u00e9gie-Centre est non valide\" aria-invalid=\"false\"   \/> Oui<\/label><\/div>\n\t\t<div class=\"frm_checkbox\" id=\"frm_checkbox_1330-2\"><label for=\"field_wm4hn-2\"><input type=\"checkbox\" name=\"item_meta[1330][]\" id=\"field_wm4hn-2\" value=\"Non\"  data-reqmsg=\"Ce champ ne peut pas \u00eatre vide\" data-invmsg=\"Je suis pr\u00e9sentement \u00e0 l&#039;emploi du CISSS de la Mont\u00e9r\u00e9gie-Centre est non valide\" aria-invalid=\"false\"   \/> Non<\/label><\/div>\n<\/div>\r\n    \r\n    \r\n<\/div>\n<div id=\"frm_field_1332_container\" class=\"frm_form_field form-field  frm_top_container frm_third\">\r\n    <label for=\"field_3yczd\" id=\"field_3yczd_label\" class=\"frm_primary_label\">Si oui, veuillez inscrire votre num\u00e9ro d'employ\u00e9\r\n        <span class=\"frm_required\"><\/span>\r\n    <\/label>\r\n    <input type=\"text\" id=\"field_3yczd\" name=\"item_meta[1332]\" value=\"\"  data-invmsg=\"texte est non valide\" aria-invalid=\"false\"  \/>\r\n    \r\n    \r\n<\/div>\n<div id=\"frm_field_1664_container\" class=\"frm_form_field form-field  frm_required_field frm_top_container vertical_radio\">\r\n    <div  id=\"field_cpv4n_label\" class=\"frm_primary_label\">Avez-vous votre citoyennet\u00e9 canadienne?\r\n        <span class=\"frm_required\" aria-hidden=\"true\">*<\/span>\r\n    <\/div>\r\n    <div class=\"frm_opt_container\" aria-labelledby=\"field_cpv4n_label\" role=\"radiogroup\" aria-required=\"true\">\t\t<div class=\"frm_radio\" id=\"frm_radio_1664-0\"><label for=\"field_cpv4n-0\">\t\t<input type=\"radio\" name=\"item_meta[1664]\" id=\"field_cpv4n-0\" value=\"Oui\"\n\t\t   data-reqmsg=\"Ce champ ne peut pas \u00eatre vide\" data-invmsg=\"Avez-vous votre citoyennet\u00e9 canadienne? est non valide\" aria-invalid=\"false\"  \/> Oui<\/label><\/div>\n\t\t<div class=\"frm_radio\" id=\"frm_radio_1664-1\"><label for=\"field_cpv4n-1\">\t\t<input type=\"radio\" name=\"item_meta[1664]\" id=\"field_cpv4n-1\" value=\"Non\"\n\t\t   data-reqmsg=\"Ce champ ne peut pas \u00eatre vide\" data-invmsg=\"Avez-vous votre citoyennet\u00e9 canadienne? est non valide\" aria-invalid=\"false\"  \/> Non<\/label><\/div>\n<\/div>\r\n    \r\n    \r\n<\/div>\n<div id=\"frm_field_1665_container\" class=\"frm_form_field form-field  frm_top_container\">\r\n    <label for=\"field_m3dlu\" id=\"field_m3dlu_label\" class=\"frm_primary_label\">Choisir votre statut\r\n        <span class=\"frm_required\" aria-hidden=\"true\"><\/span>\r\n    <\/label>\r\n    \t\t<select name=\"item_meta[1665]\" id=\"field_m3dlu\"  data-placeholder=\"Choix\"  placeholder=\"Choix\" data-invmsg=\"Choisir votre statut est non valide\" aria-invalid=\"false\"  >\n\t\t\t\t\t<option class=\"frm-select-placeholder\" value=\"\">\n\t\t\t\tChoix\t\t\t<\/option>\n\t\t\t<option  value=\"R\u00e9sidence permanente ou r\u00e9fugi\u00e9\">R\u00e9sidence permanente ou r\u00e9fugi\u00e9<\/option><option  value=\"Permis de travail ouvert\">Permis de travail ouvert<\/option><option  value=\"Permis de vacances travail\">Permis de vacances travail<\/option><option  value=\"Demandeur d&#039;asile avec permis de travail\">Demandeur d&#039;asile avec permis de travail<\/option><option  value=\"Permis d&#039;\u00e9tude avec permis de travail (max. 20 hrs)\">Permis d&#039;\u00e9tude avec permis de travail (max. 20 hrs)<\/option><option  value=\"Autre\">Autre<\/option>\t<\/select>\n\t\r\n    \r\n    \r\n<\/div>\n<div id=\"frm_field_1324_container\" class=\"frm_form_field form-field  frm_required_field frm_top_container\">\r\n    <label for=\"field_ki07o40c2dcc6a7\" class=\"frm_primary_label\">Veuillez joindre votre curriculum vitae et une lettre de motivation. Votre lettre doit r\u00e9pondre \u00e0 la question suivante \"Pourquoi souhaitez-vous devenir pr\u00e9pos\u00e9 aux b\u00e9n\u00e9ficiaires?\" et ne pas d\u00e9passer les 350 mots.\r\n        <span class=\"frm_required\">*<\/span>\r\n    <\/label>\r\n    <input type=\"hidden\" name=\"item_meta[1324][]\"  data-reqmsg=\"Ce champ ne peut pas \u00eatre vide\"  value=\"\" data-frmfile=\"1324\" \/>\n\n<div class=\"frm_dropzone frm_multi_upload frm_clearfix\" id=\"file1324_dropzone\" role=\"group\"  aria-describedby=\"frm_desc_field_ki07o40c2dcc6a7\">\n\t<div class=\"fallback\">\n\t\t<input type=\"file\" name=\"file1324[]\" id=\"field_ki07o40c2dcc6a7\"\n\t\t\t data-frmfile=\"1324\" multiple=\"multiple\"  data-reqmsg=\"Ce champ ne peut pas \u00eatre vide\" data-invmsg=\"T\u00e9l\u00e9versement de fichier est non valide\" aria-invalid=\"false\"  \t\t\t\/>\n\t\t\t\t<div class=\"frm_clearfix \"><\/div>\n\t<\/div>\n\t<div class=\"dz-message needsclick\">\n\t\t<svg  viewBox=\"0 0 18 18\" class=\"frmsvg frm-svg-icon\">\n\t<path viewBox=\"0 0 18 18\" fill-rule=\"evenodd\" clip-rule=\"evenodd\" d=\"M8.2 4v8a.8.8 0 001.5 0V4l2.1 2.2A.7.7 0 1013 5L9.5 1.7a.7.7 0 00-1.1 0L5.1 5.2a.8.8 0 001 1l2.1-2zm7.6 4.3c.4 0 .7.3.7.7v6.8c0 .4-.3.7-.8.7H2.3a.8.8 0 01-.8-.8V9A.8.8 0 013 9v6h12V9c0-.4.3-.8.8-.8z\"><\/path>\n<\/svg>\t\t<span class=\"frm_upload_text\"><button type=\"button\">D\u00e9poser un fichier ici ou cliquer pour t\u00e9l\u00e9charger<\/button><\/span>\n\t\t<span class=\"frm_compact_text\"><button type=\"button\">Choisir un fichier<\/button><\/span>\n\t\t<div class=\"frm_small_text\">\n\t\t\t<p>Maximum file size: 104.86MB<\/p>\n\t\t<\/div>\n\t<\/div>\n<\/div>\n\r\n    <div class=\"frm_description\" id=\"frm_desc_field_ki07o40c2dcc6a7\">Veuillez svp joindre votre curriculum vitae et une lettre de motivation en format Word ou PDF<\/div>\r\n    \r\n<\/div>\n\t<input type=\"hidden\" name=\"item_key\" value=\"\" \/>\n\t<input name=\"frm_state\" type=\"hidden\" value=\"5gYTGVTFrOl8Wej3LT0b5mwjUC70VWr0owecYSlhz7k=\" \/><div class=\"frm_submit\">\r\n\r\n<button class=\"frm_button_submit frm_final_submit\" type=\"submit\"   formnovalidate=\"formnovalidate\">Soumettre<\/button>\r\n\r\n<\/div><\/div>\n<\/fieldset>\n<\/div>\n<\/form>\n<\/div>\n\n","protected":false},"excerpt":{"rendered":"<p>Pour devenir pr\u00e9pos\u00e9 ou pr\u00e9pos\u00e9e en CHSLD, vous pouvez compl\u00e9ter l\u2019attestation d\u2019\u00e9tudes professionnelles Soutien aux soins d\u2019assistance en \u00e9tablissement de sant\u00e9. Il s\u2019agit d\u2019une formation \u00e0 temps plein d\u2019une dur\u00e9e de 12 semaines (375 heures) Vous recevrez une bourse de &hellip; <a href=\"https:\/\/santemc.quebec\/icentre\/candidature-pour-la-formation-pab-2e-cohorte-automne-2020\/\">Continuer la lecture <span class=\"meta-nav\">&rarr;<\/span><\/a><\/p>\n","protected":false},"author":1,"featured_media":0,"parent":0,"menu_order":0,"comment_status":"closed","ping_status":"closed","template":"CISSSCentre.php","meta":{"footnotes":""},"_links":{"self":[{"href":"https:\/\/santemc.quebec\/icentre\/wp-json\/wp\/v2\/pages\/189424"}],"collection":[{"href":"https:\/\/santemc.quebec\/icentre\/wp-json\/wp\/v2\/pages"}],"about":[{"href":"https:\/\/santemc.quebec\/icentre\/wp-json\/wp\/v2\/types\/page"}],"author":[{"embeddable":true,"href":"https:\/\/santemc.quebec\/icentre\/wp-json\/wp\/v2\/users\/1"}],"replies":[{"embeddable":true,"href":"https:\/\/santemc.quebec\/icentre\/wp-json\/wp\/v2\/comments?post=189424"}],"version-history":[{"count":11,"href":"https:\/\/santemc.quebec\/icentre\/wp-json\/wp\/v2\/pages\/189424\/revisions"}],"predecessor-version":[{"id":196468,"href":"https:\/\/santemc.quebec\/icentre\/wp-json\/wp\/v2\/pages\/189424\/revisions\/196468"}],"wp:attachment":[{"href":"https:\/\/santemc.quebec\/icentre\/wp-json\/wp\/v2\/media?parent=189424"}],"curies":[{"name":"wp","href":"https:\/\/api.w.org\/{rel}","templated":true}]}}