{"id":194410,"date":"2021-03-12T13:33:59","date_gmt":"2021-03-12T18:33:59","guid":{"rendered":"http:\/\/santemc.quebec\/icentre\/?page_id=194410"},"modified":"2021-04-13T11:57:38","modified_gmt":"2021-04-13T15:57:38","slug":"dates-importantes","status":"publish","type":"page","link":"https:\/\/santemc.quebec\/icentre\/programme-passerelle-formation-infirmiere\/dates-importantes\/","title":{"rendered":"Dates importantes"},"content":{"rendered":"<p>Voici le calendrier du processus de s\u00e9lection des candidates de la premi\u00e8re cohorte du programme Passerelle Formation Infirmi\u00e8re.<\/p>\n<table>\n<tbody>\n<tr>\n<td><\/td>\n<td><strong>\u00c9tapes<\/strong><\/td>\n<td style=\"width: 30%;\"><strong>Dates<\/strong><\/td>\n<\/tr>\n<tr>\n<td>1.<\/td>\n<td>S\u00e9ances d\u2019information<\/td>\n<td>Semaine du 29 mars 2021<\/td>\n<\/tr>\n<tr>\n<td>2.<\/td>\n<td>D\u00e9p\u00f4t du dossier de candidature complet.<\/td>\n<td>Date limite : <span style=\"color: #ff0000;\"><strong>18 avril 2021<\/strong><\/span><\/td>\n<\/tr>\n<tr>\n<td>3.<\/td>\n<td>\u00c9valuation des candidatures re\u00e7ues par le C\u00e9gep et le CISSSMC. Premi\u00e8re s\u00e9lection.<\/td>\n<td>14 au 20 avril 2021<\/td>\n<\/tr>\n<tr>\n<td>4.<\/td>\n<td>Pour les candidates retenues\u00a0: entrevues de s\u00e9lection et tests d\u2019aptitude en math\u00e9matiques et en fran\u00e7ais.<\/td>\n<td>19 au 27 avril 2021<\/td>\n<\/tr>\n<tr>\n<td>5.<\/td>\n<td>S\u00e9lection finale\u00a0: annonce de la d\u00e9cision du comit\u00e9 de s\u00e9lection aux candidates.<\/td>\n<td>Semaine du 3 mai 2021<\/td>\n<\/tr>\n<tr>\n<td>6.<\/td>\n<td>Courriel d\u2019information aux membres de la premi\u00e8re cohorte pour planifier leur rentr\u00e9e au C\u00e9gep.<\/td>\n<td>Semaine du 3 mai 2021<\/td>\n<\/tr>\n<tr>\n<td>7.<\/td>\n<td>D\u00e9but de la premi\u00e8re session tremplin (cours pr\u00e9alables) pour les candidates concern\u00e9es.<\/td>\n<td>Semaine du 24 mai 2021<\/td>\n<\/tr>\n<tr>\n<td>8.<\/td>\n<td>D\u00e9but des cours du programme<em> Passerelle Formation Infirmi\u00e8re<\/em>!<\/td>\n<td>Semaine du 30 ao\u00fbt 2021<\/td>\n<\/tr>\n<\/tbody>\n<\/table>\n","protected":false},"excerpt":{"rendered":"<p>Voici le calendrier du processus de s\u00e9lection des candidates de la premi\u00e8re cohorte du programme Passerelle Formation Infirmi\u00e8re. \u00c9tapes Dates 1. S\u00e9ances d\u2019information Semaine du 29 mars 2021 2. D\u00e9p\u00f4t du dossier de candidature complet. Date limite : 18 avril &hellip; <a href=\"https:\/\/santemc.quebec\/icentre\/programme-passerelle-formation-infirmiere\/dates-importantes\/\">Continuer la lecture <span class=\"meta-nav\">&rarr;<\/span><\/a><\/p>\n","protected":false},"author":1,"featured_media":0,"parent":194402,"menu_order":3,"comment_status":"closed","ping_status":"closed","template":"passerelle.php","meta":{"footnotes":""},"_links":{"self":[{"href":"https:\/\/santemc.quebec\/icentre\/wp-json\/wp\/v2\/pages\/194410"}],"collection":[{"href":"https:\/\/santemc.quebec\/icentre\/wp-json\/wp\/v2\/pages"}],"about":[{"href":"https:\/\/santemc.quebec\/icentre\/wp-json\/wp\/v2\/types\/page"}],"author":[{"embeddable":true,"href":"https:\/\/santemc.quebec\/icentre\/wp-json\/wp\/v2\/users\/1"}],"replies":[{"embeddable":true,"href":"https:\/\/santemc.quebec\/icentre\/wp-json\/wp\/v2\/comments?post=194410"}],"version-history":[{"count":8,"href":"https:\/\/santemc.quebec\/icentre\/wp-json\/wp\/v2\/pages\/194410\/revisions"}],"predecessor-version":[{"id":195246,"href":"https:\/\/santemc.quebec\/icentre\/wp-json\/wp\/v2\/pages\/194410\/revisions\/195246"}],"up":[{"embeddable":true,"href":"https:\/\/santemc.quebec\/icentre\/wp-json\/wp\/v2\/pages\/194402"}],"wp:attachment":[{"href":"https:\/\/santemc.quebec\/icentre\/wp-json\/wp\/v2\/media?parent=194410"}],"curies":[{"name":"wp","href":"https:\/\/api.w.org\/{rel}","templated":true}]}}