{"id":199514,"date":"2021-11-08T14:44:49","date_gmt":"2021-11-08T19:44:49","guid":{"rendered":"https:\/\/santemc.quebec\/icentre\/?page_id=199514"},"modified":"2021-11-08T14:46:39","modified_gmt":"2021-11-08T19:46:39","slug":"recrutement-cepi","status":"publish","type":"page","link":"https:\/\/santemc.quebec\/icentre\/recrutement-cepi\/","title":{"rendered":"Recrutement CEPI"},"content":{"rendered":"<p><img decoding=\"async\" loading=\"lazy\" class=\"aligncenter size-full wp-image-199515\" src=\"https:\/\/santemc.quebec\/santemc\/icentre\/wp-content\/uploads\/2021\/11\/tab.jpg\" alt=\"\" width=\"1320\" height=\"343\" srcset=\"https:\/\/santemc.quebec\/santemc\/icentre\/wp-content\/uploads\/2021\/11\/tab.jpg 1320w, https:\/\/santemc.quebec\/santemc\/icentre\/wp-content\/uploads\/2021\/11\/tab-300x78.jpg 300w, https:\/\/santemc.quebec\/santemc\/icentre\/wp-content\/uploads\/2021\/11\/tab-1024x266.jpg 1024w, https:\/\/santemc.quebec\/santemc\/icentre\/wp-content\/uploads\/2021\/11\/tab-768x200.jpg 768w, https:\/\/santemc.quebec\/santemc\/icentre\/wp-content\/uploads\/2021\/11\/tab-500x130.jpg 500w\" sizes=\"(max-width: 1320px) 100vw, 1320px\" \/><br \/>\n\n<style type=\"text\/css\">.singular .entry-title {display:none;}<\/style>\n<br \/>\n<div class=\"frm_forms  with_frm_style frm_style_formidable-style\" id=\"frm_form_80_container\" >\n<form enctype=\"multipart\/form-data\" method=\"post\" class=\"frm-show-form  frm_pro_form \" id=\"form_recrutementcepi\"  >\n<div class=\"frm_form_fields \">\n<fieldset>\n<legend class=\"frm_screen_reader\">Recrutement CEPI<\/legend>\r\n\r\n<div class=\"frm_fields_container\">\n<input type=\"hidden\" name=\"frm_action\" value=\"create\" \/>\n<input type=\"hidden\" name=\"form_id\" value=\"80\" \/>\n<input type=\"hidden\" name=\"frm_hide_fields_80\" id=\"frm_hide_fields_80\" value=\"\" \/>\n<input type=\"hidden\" name=\"form_key\" value=\"recrutementcepi\" \/>\n<input type=\"hidden\" name=\"item_meta[0]\" value=\"\" \/>\n<input type=\"hidden\" id=\"frm_submit_entry_80\" name=\"frm_submit_entry_80\" value=\"3592799f98\" \/><input type=\"hidden\" name=\"_wp_http_referer\" value=\"\/icentre\/wp-json\/wp\/v2\/pages\/199514\" \/><div id=\"frm_field_1698_container\" class=\"frm_form_field form-field  frm_required_field frm_top_container\">\r\n    <label for=\"field_s52pf\" id=\"field_s52pf_label\" class=\"frm_primary_label\">Nom\r\n        <span class=\"frm_required\" aria-hidden=\"true\">*<\/span>\r\n    <\/label>\r\n    <input type=\"text\" id=\"field_s52pf\" name=\"item_meta[1698]\" value=\"\"  data-reqmsg=\"Ce champ ne peut pas \u00eatre vide\" aria-required=\"true\" data-invmsg=\"texte est non valide\" aria-invalid=\"false\"  \/>\r\n    \r\n    \r\n<\/div>\n<div id=\"frm_field_1699_container\" class=\"frm_form_field form-field  frm_required_field frm_top_container\">\r\n    <label for=\"field_azlnt\" id=\"field_azlnt_label\" class=\"frm_primary_label\">Pr\u00e9nom\r\n        <span class=\"frm_required\" aria-hidden=\"true\">*<\/span>\r\n    <\/label>\r\n    <input type=\"text\" id=\"field_azlnt\" name=\"item_meta[1699]\" value=\"\"  data-reqmsg=\"Ce champ ne peut pas \u00eatre vide\" aria-required=\"true\" data-invmsg=\"texte est non valide\" aria-invalid=\"false\"  \/>\r\n    \r\n    \r\n<\/div>\n<div id=\"frm_field_1700_container\" class=\"frm_form_field form-field  frm_required_field frm_top_container vertical_radio\">\r\n    <div  id=\"field_qubla_label\" class=\"frm_primary_label\">\u00cates-vous d\u00e9j\u00e0 ou avez-vous d\u00e9j\u00e0 \u00e9t\u00e9 un(e) employ\u00e9(e) du CISSS?\r\n        <span class=\"frm_required\" aria-hidden=\"true\">*<\/span>\r\n    <\/div>\r\n    <div class=\"frm_opt_container\" aria-labelledby=\"field_qubla_label\" role=\"radiogroup\" aria-required=\"true\">\t\t<div class=\"frm_radio\" id=\"frm_radio_1700-0\"><label for=\"field_qubla-0\">\t\t<input type=\"radio\" name=\"item_meta[1700]\" id=\"field_qubla-0\" value=\"Non\"\n\t\t   data-reqmsg=\"Ce champ ne peut pas \u00eatre vide\" data-invmsg=\"\u00cates-vous d\u00e9j\u00e0 ou avez-vous d\u00e9j\u00e0 \u00e9t\u00e9 un(e) employ\u00e9(e) du CISSS? est non valide\" aria-invalid=\"false\"  \/> Non<\/label><\/div>\n\t\t<div class=\"frm_radio\" id=\"frm_radio_1700-1\"><label for=\"field_qubla-1\">\t\t<input type=\"radio\" name=\"item_meta[1700]\" id=\"field_qubla-1\" value=\"Oui\"\n\t\t   data-reqmsg=\"Ce champ ne peut pas \u00eatre vide\" data-invmsg=\"\u00cates-vous d\u00e9j\u00e0 ou avez-vous d\u00e9j\u00e0 \u00e9t\u00e9 un(e) employ\u00e9(e) du CISSS? est non valide\" aria-invalid=\"false\"  \/> Oui<\/label><\/div>\n<\/div>\r\n    \r\n    \r\n<\/div>\n<div id=\"frm_field_1701_container\" class=\"frm_form_field form-field  frm_required_field frm_top_container\">\r\n    <label for=\"field_a7590\" id=\"field_a7590_label\" class=\"frm_primary_label\">Num\u00e9ro d\u2019employ\u00e9(e)?\r\n        <span class=\"frm_required\" aria-hidden=\"true\">*<\/span>\r\n    <\/label>\r\n    <input type=\"number\" id=\"field_a7590\" name=\"item_meta[1701]\" value=\"\"  data-reqmsg=\"Ce champ ne peut pas \u00eatre vide\" aria-required=\"true\" data-invmsg=\"Nombre est non valide\" aria-invalid=\"false\"   min=\"0\" max=\"9999999\" step=\"any\"\/>\r\n    \r\n    \r\n<\/div>\n<div id=\"frm_field_1702_container\" class=\"frm_form_field form-field  frm_required_field frm_top_container\">\r\n    <label for=\"field_l5llf\" id=\"field_l5llf_label\" class=\"frm_primary_label\">T\u00e9l\u00e9phone\r\n        <span class=\"frm_required\" aria-hidden=\"true\">*<\/span>\r\n    <\/label>\r\n    <input type=\"tel\" id=\"field_l5llf\" name=\"item_meta[1702]\" value=\"\"  data-reqmsg=\"Ce champ ne peut pas \u00eatre vide\" aria-required=\"true\" data-invmsg=\"T\u00e9l\u00e9phone est non valide\" aria-invalid=\"false\" pattern=\"((\\+\\d{1,3}(-|.| )?\\(?\\d\\)?(-| |.)?\\d{1,5})|(\\(?\\d{2,6}\\)?))(-|.| )?(\\d{3,4})(-|.| )?(\\d{4})(( x| ext)\\d{1,5}){0,1}$\"  \/>\r\n    \r\n    \r\n<\/div>\n<div id=\"frm_field_1703_container\" class=\"frm_form_field form-field  frm_required_field frm_top_container\">\r\n    <label for=\"field_se8qi\" id=\"field_se8qi_label\" class=\"frm_primary_label\">Courriel\r\n        <span class=\"frm_required\" aria-hidden=\"true\">*<\/span>\r\n    <\/label>\r\n    <input type=\"email\" id=\"field_se8qi\" name=\"item_meta[1703]\" value=\"\"  data-reqmsg=\"Ce champ ne peut pas \u00eatre vide\" aria-required=\"true\" data-invmsg=\"Email est non valide\" aria-invalid=\"false\"  \/>\r\n    \r\n    \r\n<\/div>\n<div id=\"frm_field_1704_container\" class=\"frm_form_field form-field  frm_required_field frm_top_container vertical_radio\">\r\n    <div  id=\"field_1ksa_label\" class=\"frm_primary_label\">O\u00f9 aimeriez-vous travailler? (Vous pouvez cocher plus d'un choix)\r\n        <span class=\"frm_required\" aria-hidden=\"true\">*<\/span>\r\n    <\/div>\r\n    <div class=\"frm_opt_container\" aria-labelledby=\"field_1ksa_label\" role=\"group\" aria-required=\"true\">\t\t<div class=\"frm_checkbox\" id=\"frm_checkbox_1704-0\"><label for=\"field_1ksa-0\"><input type=\"checkbox\" name=\"item_meta[1704][]\" id=\"field_1ksa-0\" value=\"Saint-Jean-sur-Richelieu et environs\"  data-reqmsg=\"Ce champ ne peut pas \u00eatre vide\" data-invmsg=\"O\u00f9 aimeriez-vous travailler? (Vous pouvez cocher plus d&#039;un choix) est non valide\" aria-invalid=\"false\"   \/> Saint-Jean-sur-Richelieu et environs<\/label><\/div>\n\t\t<div class=\"frm_checkbox\" id=\"frm_checkbox_1704-1\"><label for=\"field_1ksa-1\"><input type=\"checkbox\" name=\"item_meta[1704][]\" id=\"field_1ksa-1\" value=\"Longueuil et environs\"  data-reqmsg=\"Ce champ ne peut pas \u00eatre vide\" data-invmsg=\"O\u00f9 aimeriez-vous travailler? (Vous pouvez cocher plus d&#039;un choix) est non valide\" aria-invalid=\"false\"   \/> Longueuil et environs<\/label><\/div>\n<\/div>\r\n    \r\n    \r\n<\/div>\n<div id=\"frm_field_1705_container\" class=\"frm_form_field form-field  frm_required_field frm_top_container\">\r\n    <label for=\"field_7qxyg\" id=\"field_7qxyg_label\" class=\"frm_primary_label\">Titre d\u2019emploi recherch\u00e9\r\n        <span class=\"frm_required\" aria-hidden=\"true\">*<\/span>\r\n    <\/label>\r\n    \t\t<select name=\"item_meta[1705]\" id=\"field_7qxyg\"  data-reqmsg=\"Ce champ ne peut pas \u00eatre vide\" aria-required=\"true\" data-invmsg=\"Titre d\u2019emploi recherch\u00e9 est non valide\" aria-invalid=\"false\"  >\n\t\t<option  value=\"\" selected='selected'> <\/option><option  value=\"CEPI\">CEPI<\/option><option  value=\"Externe en soins\">Externe en soins<\/option><option  value=\"PAB \u00e9tudiant\">PAB \u00e9tudiant<\/option>\t<\/select>\n\t\r\n    \r\n    \r\n<\/div>\n<div id=\"frm_field_1706_container\" class=\"frm_form_field form-field  frm_required_field frm_top_container\">\r\n    <label for=\"field_g6h5z\" id=\"field_g6h5z_label\" class=\"frm_primary_label\">\u00c9tablissement scolaire\r\n        <span class=\"frm_required\" aria-hidden=\"true\">*<\/span>\r\n    <\/label>\r\n    <input type=\"text\" id=\"field_g6h5z\" name=\"item_meta[1706]\" value=\"\"  data-reqmsg=\"Ce champ ne peut pas \u00eatre vide\" aria-required=\"true\" data-invmsg=\"texte est non valide\" aria-invalid=\"false\"  \/>\r\n    \r\n    \r\n<\/div>\n<div id=\"frm_field_1707_container\" class=\"frm_form_field form-field  frm_required_field frm_top_container\">\r\n    <label for=\"field_cfb5b\" id=\"field_cfb5b_label\" class=\"frm_primary_label\">Date \u00e0 laquelle vous obtiendrez votre dipl\u00f4me\r\n        <span class=\"frm_required\" aria-hidden=\"true\">*<\/span>\r\n    <\/label>\r\n    <input type=\"text\" id=\"field_cfb5b\" name=\"item_meta[1707]\" value=\"\"  maxlength=\"10\" data-reqmsg=\"Ce champ ne peut pas \u00eatre vide\" aria-required=\"true\" data-invmsg=\"Date est non valide\" class=\"frm_date\" aria-invalid=\"false\"  \/>\r\n    \r\n    \r\n<\/div>\n<div id=\"frm_field_1708_container\" class=\"frm_form_field form-field  frm_required_field frm_top_container\">\r\n    <label for=\"field_ahkjw\" id=\"field_ahkjw_label\" class=\"frm_primary_label\">Disponibilit\u00e9 pour entrevue Choix 1\r\n        <span class=\"frm_required\" aria-hidden=\"true\">*<\/span>\r\n    <\/label>\r\n    \t\t<select name=\"item_meta[1708]\" id=\"field_ahkjw\"  data-reqmsg=\"Ce champ ne peut pas \u00eatre vide\" aria-required=\"true\" data-invmsg=\"Disponibilit\u00e9 pour entrevue Choix 1 est non valide\" aria-invalid=\"false\"  >\n\t\t<option  value=\"\" selected='selected'> <\/option><option  value=\"Lundi 9 h \u00e0 12 h\">Lundi 9 h \u00e0 12 h<\/option><option  value=\"Lundi 13 h \u00e0 16 h\">Lundi 13 h \u00e0 16 h<\/option><option  value=\"Mardi 9 h \u00e0 12 h\">Mardi 9 h \u00e0 12 h<\/option><option  value=\"Mardi 13 h \u00e0 16 h\">Mardi 13 h \u00e0 16 h<\/option><option  value=\"Mercredi 9 h \u00e0 12 h\">Mercredi 9 h \u00e0 12 h<\/option><option  value=\"Mercredi 13 h \u00e0 16 h\">Mercredi 13 h \u00e0 16 h<\/option><option  value=\"Jeudi 9 h \u00e0 12 h\">Jeudi 9 h \u00e0 12 h<\/option><option  value=\"Jeudi 13 h \u00e0 16 h\">Jeudi 13 h \u00e0 16 h<\/option><option  value=\"Vendredi 9 h \u00e0 12 h\">Vendredi 9 h \u00e0 12 h<\/option><option  value=\"Vendredi 13 h \u00e0 16 h\">Vendredi 13 h \u00e0 16 h<\/option>\t<\/select>\n\t\r\n    \r\n    \r\n<\/div>\n<div id=\"frm_field_1709_container\" class=\"frm_form_field form-field  frm_required_field frm_top_container\">\r\n    <label for=\"field_aps0a\" id=\"field_aps0a_label\" class=\"frm_primary_label\">Disponibilit\u00e9 pour entrevue Choix 2\r\n        <span class=\"frm_required\" aria-hidden=\"true\">*<\/span>\r\n    <\/label>\r\n    \t\t<select name=\"item_meta[1709]\" id=\"field_aps0a\"  data-reqmsg=\"Ce champ ne peut pas \u00eatre vide\" aria-required=\"true\" data-invmsg=\"Disponibilit\u00e9 pour entrevue Choix 2 est non valide\" aria-invalid=\"false\"  >\n\t\t<option  value=\"\" selected='selected'> <\/option><option  value=\"Lundi 9 h \u00e0 12 h\">Lundi 9 h \u00e0 12 h<\/option><option  value=\"Lundi 13 h \u00e0 16 h\">Lundi 13 h \u00e0 16 h<\/option><option  value=\"Mardi 9 h \u00e0 12 h\">Mardi 9 h \u00e0 12 h<\/option><option  value=\"Mardi 13 h \u00e0 16 h\">Mardi 13 h \u00e0 16 h<\/option><option  value=\"Mercredi 9 h \u00e0 12 h\">Mercredi 9 h \u00e0 12 h<\/option><option  value=\"Mercredi 13 h \u00e0 16 h\">Mercredi 13 h \u00e0 16 h<\/option><option  value=\"Jeudi 9 h \u00e0 12 h\">Jeudi 9 h \u00e0 12 h<\/option><option  value=\"Jeudi 13 h \u00e0 16 h\">Jeudi 13 h \u00e0 16 h<\/option><option  value=\"Vendredi 9 h \u00e0 12 h\">Vendredi 9 h \u00e0 12 h<\/option><option  value=\"Vendredi 13 h \u00e0 16 h\">Vendredi 13 h \u00e0 16 h<\/option>\t<\/select>\n\t\r\n    \r\n    \r\n<\/div>\n<div id=\"frm_field_1710_container\" class=\"frm_form_field form-field  frm_top_container\">\r\n    <label for=\"field_ru2i6\" id=\"field_ru2i6_label\" class=\"frm_primary_label\">Commentaires\r\n        <span class=\"frm_required\" aria-hidden=\"true\"><\/span>\r\n    <\/label>\r\n    <textarea name=\"item_meta[1710]\" id=\"field_ru2i6\" rows=\"5\"  data-invmsg=\"Commentaires est non valide\" aria-invalid=\"false\"  ><\/textarea>\r\n    \r\n    \r\n<\/div>\n<div id=\"frm_field_1711_container\" class=\"frm_form_field form-field  frm_required_field frm_top_container\">\r\n    <label for=\"field_lofqy\" id=\"field_lofqy_label\" class=\"frm_primary_label\">Cv \u00e0 joindre\r\n        <span class=\"frm_required\" aria-hidden=\"true\">*<\/span>\r\n    <\/label>\r\n    <input type=\"hidden\" name=\"item_meta[1711]\"  data-reqmsg=\"Ce champ ne peut pas \u00eatre vide\"  value=\"\" data-frmfile=\"1711\" \/>\n\n<div class=\"frm_dropzone frm_single_upload frm_clearfix\" id=\"file1711_dropzone\" role=\"group\" >\n\t<div class=\"fallback\">\n\t\t<input type=\"file\" name=\"file1711\" id=\"field_lofqy\"\n\t\t\t data-reqmsg=\"Ce champ ne peut pas \u00eatre vide\" data-invmsg=\"T\u00e9l\u00e9versement de fichier est non valide\" aria-invalid=\"false\"  \t\t\t\/>\n\t\t\t\t<div class=\"frm_clearfix \"><\/div>\n\t<\/div>\n\t<div class=\"dz-message needsclick\">\n\t\t<svg  viewBox=\"0 0 18 18\" class=\"frmsvg frm-svg-icon\">\n\t<path viewBox=\"0 0 18 18\" fill-rule=\"evenodd\" clip-rule=\"evenodd\" d=\"M8.2 4v8a.8.8 0 001.5 0V4l2.1 2.2A.7.7 0 1013 5L9.5 1.7a.7.7 0 00-1.1 0L5.1 5.2a.8.8 0 001 1l2.1-2zm7.6 4.3c.4 0 .7.3.7.7v6.8c0 .4-.3.7-.8.7H2.3a.8.8 0 01-.8-.8V9A.8.8 0 013 9v6h12V9c0-.4.3-.8.8-.8z\"><\/path>\n<\/svg>\t\t<span class=\"frm_upload_text\"><button type=\"button\">D\u00e9poser un fichier ici ou cliquer pour t\u00e9l\u00e9charger<\/button><\/span>\n\t\t<span class=\"frm_compact_text\"><button type=\"button\">Choisir un fichier<\/button><\/span>\n\t\t<div class=\"frm_small_text\">\n\t\t\t<p>Maximum file size: 104.86MB<\/p>\n\t\t<\/div>\n\t<\/div>\n<\/div>\n\r\n    \r\n    \r\n<\/div>\n\t<input type=\"hidden\" name=\"item_key\" value=\"\" \/>\n\t<input name=\"frm_state\" type=\"hidden\" value=\"5gYTGVTFrOl8Wej3LT0b5mwjUC70VWr0owecYSlhz7k=\" \/><div class=\"frm_submit\">\r\n\r\n<button class=\"frm_button_submit frm_final_submit\" type=\"submit\"   formnovalidate=\"formnovalidate\">Soumettre<\/button>\r\n\r\n<\/div><\/div>\n<\/fieldset>\n<\/div>\n<\/form>\n<\/div>\n<\/p>\n","protected":false},"excerpt":{"rendered":"","protected":false},"author":1,"featured_media":0,"parent":0,"menu_order":0,"comment_status":"closed","ping_status":"closed","template":"CISSSCentre.php","meta":{"footnotes":""},"_links":{"self":[{"href":"https:\/\/santemc.quebec\/icentre\/wp-json\/wp\/v2\/pages\/199514"}],"collection":[{"href":"https:\/\/santemc.quebec\/icentre\/wp-json\/wp\/v2\/pages"}],"about":[{"href":"https:\/\/santemc.quebec\/icentre\/wp-json\/wp\/v2\/types\/page"}],"author":[{"embeddable":true,"href":"https:\/\/santemc.quebec\/icentre\/wp-json\/wp\/v2\/users\/1"}],"replies":[{"embeddable":true,"href":"https:\/\/santemc.quebec\/icentre\/wp-json\/wp\/v2\/comments?post=199514"}],"version-history":[{"count":2,"href":"https:\/\/santemc.quebec\/icentre\/wp-json\/wp\/v2\/pages\/199514\/revisions"}],"predecessor-version":[{"id":199517,"href":"https:\/\/santemc.quebec\/icentre\/wp-json\/wp\/v2\/pages\/199514\/revisions\/199517"}],"wp:attachment":[{"href":"https:\/\/santemc.quebec\/icentre\/wp-json\/wp\/v2\/media?parent=199514"}],"curies":[{"name":"wp","href":"https:\/\/api.w.org\/{rel}","templated":true}]}}