{"id":204546,"date":"2022-02-10T10:51:48","date_gmt":"2022-02-10T15:51:48","guid":{"rendered":"https:\/\/santemc.quebec\/icentre\/?page_id=204546"},"modified":"2024-05-14T13:17:17","modified_gmt":"2024-05-14T17:17:17","slug":"systeme-dinformation-des-laboratoires-sil","status":"publish","type":"page","link":"https:\/\/santemc.quebec\/icentre\/systeme-dinformation-des-laboratoires-sil\/","title":{"rendered":"Syst\u00e8me d\u2019information des laboratoires (SIL)"},"content":{"rendered":"<p>\n<style type=\"text\/css\">.singular .entry-title {display:none;}<\/style>\n<\/p>\n<p><img decoding=\"async\" loading=\"lazy\" class=\"aligncenter size-full wp-image-204589\" src=\"https:\/\/santemc.quebec\/santemc\/icentre\/wp-content\/uploads\/2022\/02\/iStock-949947192_N.png\" alt=\"\" width=\"1280\" height=\"299\" srcset=\"https:\/\/santemc.quebec\/santemc\/icentre\/wp-content\/uploads\/2022\/02\/iStock-949947192_N.png 1280w, https:\/\/santemc.quebec\/santemc\/icentre\/wp-content\/uploads\/2022\/02\/iStock-949947192_N-300x70.png 300w, https:\/\/santemc.quebec\/santemc\/icentre\/wp-content\/uploads\/2022\/02\/iStock-949947192_N-1024x239.png 1024w, https:\/\/santemc.quebec\/santemc\/icentre\/wp-content\/uploads\/2022\/02\/iStock-949947192_N-768x179.png 768w, https:\/\/santemc.quebec\/santemc\/icentre\/wp-content\/uploads\/2022\/02\/iStock-949947192_N-500x117.png 500w\" sizes=\"(max-width: 1280px) 100vw, 1280px\" \/><\/p>\n<p>Le transfert \u00e9lectronique de l\u2019information entre les laboratoires, \u00e0 travers le syst\u00e8me d\u2019information des laboratoires (SIL), est un \u00e9l\u00e9ment essentiel pour l\u2019am\u00e9lioration de la qualit\u00e9 et de l\u2019efficience globale du r\u00e9seau. L\u2019objectif ultime est de permettre une fluidit\u00e9 de l\u2019information, depuis la requ\u00eate d\u2019analyses jusqu\u2019\u00e0 la transmission des r\u00e9sultats, tout en maintenant la tra\u00e7abilit\u00e9 tout au long du parcours de l\u2019\u00e9chantillon.<\/p>\n<div id=\"accordion\">\n<h3>Description du projet<\/h3>\n<div>\n<p>Le d\u00e9ploiement d\u2019un SIL unique pour l\u2019ensemble des laboratoires du Qu\u00e9bec d\u00e9coule de l\u2019orientation minist\u00e9rielle visant le regroupement des actifs informationnels. Il s\u2019inscrit dans le cadre de sa planification strat\u00e9gique en continuit\u00e9 avec le projet de r\u00e9organisation des laboratoires OPTILAB.<\/p>\n<p>Lors du regroupement des laboratoires en 2017, un appel d\u2019offres provincial a \u00e9t\u00e9 lanc\u00e9 afin de d\u00e9terminer la solution qui serait graduellement implant\u00e9e au sein de chacune des 12 grappes de laboratoire r\u00e9parties au Qu\u00e9bec pour les secteurs de la biochimie, de l\u2019h\u00e9matologie et de la microbiologie. Au terme de l\u2019appel d\u2019offres, la soci\u00e9t\u00e9 M\u00e9diSolution et ses partenaires SCC Soft Computer et R2i ont \u00e9t\u00e9 s\u00e9lectionn\u00e9s en tant que fournisseur unique des solutions logicielles de laboratoires pour le Qu\u00e9bec. Le d\u00e9ploiement progressif de ce syst\u00e8me provincial au sein des grappes a d\u00e9but\u00e9 en fonction de la priorisation \u00e9tablie par le minist\u00e8re de la Sant\u00e9 et des Services sociaux (MSSS).<\/p>\n<p>D\u2019ici avril 2023, la Direction r\u00e9gionale des laboratoires d\u00e9ploiera sur l\u2019ensemble du territoire de la Mont\u00e9r\u00e9gie le nouveau Syst\u00e8me d\u2019information provincial des laboratoires (SIL).<\/p>\n<p><strong>D\u00e9ploiement<\/strong><\/p>\n<p>La s\u00e9quence de d\u00e9ploiement du SIL au sein des huit laboratoires de la Mont\u00e9r\u00e9gie se r\u00e9alisera en cinq phases au cours des prochains mois. Nous sommes actuellement en phase 3 pour l&rsquo;ensemble des laboratoires du territoire :<\/p>\n<ul>\n<li>pr\u00e9paration au niveau de la programmation<\/li>\n<li>formation<\/li>\n<li>validations<\/li>\n<\/ul>\n<p><strong>D\u00e9ploiement compl\u00e9mentaire\u00a0<\/strong><br \/>\nFormation des <em>Super Utilisateurs<\/em> : Laboratoire du Suro\u00eet et Barrie-Memorial<\/p>\n<p><img decoding=\"async\" loading=\"lazy\" class=\"alignnone wp-image-206129\" src=\"https:\/\/santemc.quebec\/santemc\/icentre\/wp-content\/uploads\/2022\/06\/phase3_modifie.png\" alt=\"\" width=\"481\" height=\"517\" \/><\/p>\n<\/div>\n<h3>Les derni\u00e8res nouvelles<\/h3>\n<div>\n<p><strong>\u00c9ch\u00e9ancier en date du <span style=\"color: #ff0000;\">14 mai\u00a02024\u00a0(mise \u00e0 jour des dates)<\/span><\/strong><\/p>\n<p><strong>D\u00e9but de la phase<em> D\u00e9ploiement\u00a0<\/em><\/strong><\/p>\n<p>CH = Centre hospitalier<\/p>\n<p><strong>Territoires \u00e0 implanter<\/strong><\/p>\n<ul>\n<li>Territoire du CH Anna-Laberge\u00a0 \u00a0 \u00a0 \u00a0 \u00a0 \u00a0 \u00a0 \u00a0<span style=\"color: #ff0000;\">\u00a0 4 juin 2024<br \/>\n<span style=\"color: #000000;\">(Interface DCI\/SIL-P) <a href=\"https:\/\/intranet.cisssmo.rtss.qc.ca\/fr\/page\/nos-directions\/direction-regionale-des-laboratoires\/systeme-informatique-des-laboratoires-provincial-silp\" target=\"_blank\" rel=\"noopener\">En savoir plus<\/a><\/span><br \/>\n<\/span><\/li>\n<\/ul>\n<p><strong>Territoires d\u00e9ploy\u00e9s<\/strong><\/p>\n<ul>\n<li>Territoire du CH du Haut-Richelieu\u00a0 \u00a0 \u00a0 \u00a0 \u00a0 <span style=\"color: #000000;\">28 novembre 2023<\/span><\/li>\n<li>Territoire du CH H\u00f4tel-Dieu de Sor<span style=\"color: #000000;\">el\u00a0 \u00a0 \u00a0 \u00a026 septembre 2023<\/span><\/li>\n<li><span style=\"color: #000000;\">Territoire du CH Honor\u00e9-Mercier\u00a0 \u00a0 \u00a0 \u00a0 \u00a0 \u00a0 \u00a0 31 octobre 2023<\/span><\/li>\n<li>Territoire du CH Charles-Le Moyne\u00a0 \u00a0 \u00a0 \u00a0 \u00a0 <span style=\"color: #000000;\">7 mars 2023<\/span><\/li>\n<li>Territoire du CH Pierre-Boucher\u00a0 \u00a0 \u00a0 \u00a0 \u00a0 \u00a0 \u00a0 \u00a024 janvier 2023<\/li>\n<li>Territoire du CH du Suro\u00eet\u00a0 \u00a0 \u00a0 \u00a0 \u00a0 \u00a0 \u00a0 \u00a0 \u00a0 \u00a0 \u00a0 \u00a0 \u00a025 octobre 2022<\/li>\n<li>Territoire du CH Barrie-Memorial\u00a0 \u00a0 \u00a0 \u00a0 \u00a0 \u00a0 \u00a0 25 octobre 2022<\/li>\n<li>RLS Vaudreuil-Soulanges\u00a0 \u00a0 \u00a0 \u00a0 \u00a0 \u00a0 \u00a0 \u00a0 \u00a0 \u00a0 \u00a0 \u00a0 \u00a025 octobre 2022<\/li>\n<\/ul>\n<\/div>\n<h3>Qui sommes-nous<\/h3>\n<div>\n<p>Notre \u00e9quipe de projet soutient l\u2019implantation du syst\u00e8me d\u2019information des laboratoires provincial (SILP) au sein des \u00e9quipes des laboratoires et des trois CISSS de la Mont\u00e9r\u00e9gie. Elle s\u2019appuie sur du personnel de chacun des laboratoires ainsi que des directions cliniques des CISSS. Elle fait progresser le projet gr\u00e2ce \u00e0 une collaboration active de la Direction des ressources informationnelles de la Mont\u00e9r\u00e9gie (DRIM) et des chefs et co-chefs m\u00e9dicaux du D\u00e9partement clinique de m\u00e9decine de laboratoire (DCML).<\/p>\n<p><strong><img decoding=\"async\" loading=\"lazy\" class=\"alignnone wp-image-206146 size-medium\" src=\"https:\/\/santemc.quebec\/santemc\/icentre\/wp-content\/uploads\/2022\/06\/MicrosoftTeams-image-3-e1654694165372-177x300.jpg\" alt=\"\" width=\"177\" height=\"300\" srcset=\"https:\/\/santemc.quebec\/santemc\/icentre\/wp-content\/uploads\/2022\/06\/MicrosoftTeams-image-3-e1654694165372-177x300.jpg 177w, https:\/\/santemc.quebec\/santemc\/icentre\/wp-content\/uploads\/2022\/06\/MicrosoftTeams-image-3-e1654694165372.jpg 366w\" sizes=\"(max-width: 177px) 100vw, 177px\" \/><br \/>\n<\/strong><\/p>\n<p><strong>Directrice du projet<br \/>\n<\/strong>Genevi\u00e8ve Plante<br \/>\nDirectrice Clinico-Administrative, DRL<\/p>\n<p><strong><img decoding=\"async\" loading=\"lazy\" class=\"alignnone wp-image-206145 size-medium\" src=\"https:\/\/santemc.quebec\/santemc\/icentre\/wp-content\/uploads\/2022\/06\/MicrosoftTeams-image-4-234x300.jpg\" alt=\"\" width=\"234\" height=\"300\" srcset=\"https:\/\/santemc.quebec\/santemc\/icentre\/wp-content\/uploads\/2022\/06\/MicrosoftTeams-image-4-234x300.jpg 234w, https:\/\/santemc.quebec\/santemc\/icentre\/wp-content\/uploads\/2022\/06\/MicrosoftTeams-image-4.jpg 714w\" sizes=\"(max-width: 234px) 100vw, 234px\" \/><br \/>\n<\/strong><br \/>\n<strong>Gestionnaire responsable<br \/>\n<\/strong>S\u00e9bastien B\u00e9rub\u00e9-Couture<br \/>\nCoordonnateur clinico-administratif, DRL<\/p>\n<p><a href=\"https:\/\/santemc.quebec\/santemc\/icentre\/wp-content\/uploads\/2022\/07\/Sophie-Paquet.jpg\"><img decoding=\"async\" loading=\"lazy\" class=\"wp-image-206297 size-medium alignnone\" src=\"https:\/\/santemc.quebec\/santemc\/icentre\/wp-content\/uploads\/2022\/07\/Sophie-Paquet-251x300.jpg\" alt=\"\" width=\"251\" height=\"300\" srcset=\"https:\/\/santemc.quebec\/santemc\/icentre\/wp-content\/uploads\/2022\/07\/Sophie-Paquet-251x300.jpg 251w, https:\/\/santemc.quebec\/santemc\/icentre\/wp-content\/uploads\/2022\/07\/Sophie-Paquet-856x1024.jpg 856w, https:\/\/santemc.quebec\/santemc\/icentre\/wp-content\/uploads\/2022\/07\/Sophie-Paquet-768x919.jpg 768w, https:\/\/santemc.quebec\/santemc\/icentre\/wp-content\/uploads\/2022\/07\/Sophie-Paquet.jpg 1070w\" sizes=\"(max-width: 251px) 100vw, 251px\" \/><\/a><\/p>\n<p><strong>Charg\u00e9 de projet<\/strong><br \/>\nSophie Paquet<br \/>\nAgente de planification, programmation et recherche, DRIM<\/p>\n<p><a href=\"https:\/\/santemc.quebec\/santemc\/icentre\/wp-content\/uploads\/2022\/08\/IMG_5106-scaled.jpg\"><img decoding=\"async\" loading=\"lazy\" class=\"size-medium wp-image-206506 alignnone\" src=\"https:\/\/santemc.quebec\/santemc\/icentre\/wp-content\/uploads\/2022\/08\/IMG_5106-225x300.jpg\" alt=\"\" width=\"225\" height=\"300\" srcset=\"https:\/\/santemc.quebec\/santemc\/icentre\/wp-content\/uploads\/2022\/08\/IMG_5106-225x300.jpg 225w, https:\/\/santemc.quebec\/santemc\/icentre\/wp-content\/uploads\/2022\/08\/IMG_5106-768x1024.jpg 768w, https:\/\/santemc.quebec\/santemc\/icentre\/wp-content\/uploads\/2022\/08\/IMG_5106-1152x1536.jpg 1152w, https:\/\/santemc.quebec\/santemc\/icentre\/wp-content\/uploads\/2022\/08\/IMG_5106-1536x2048.jpg 1536w, https:\/\/santemc.quebec\/santemc\/icentre\/wp-content\/uploads\/2022\/08\/IMG_5106-scaled.jpg 1920w\" sizes=\"(max-width: 225px) 100vw, 225px\" \/><\/a><\/p>\n<p><strong>Pilote SIL r\u00e9gional<\/strong><br \/>\nAnnie Desroches<br \/>\nAssistant-chef \u2013 Pilote SIL r\u00e9gional<\/p>\n<p><a href=\"https:\/\/santemc.quebec\/santemc\/icentre\/wp-content\/uploads\/2022\/09\/image-2-e1663678765170.png\"><img decoding=\"async\" loading=\"lazy\" class=\"wp-image-206610 alignnone\" src=\"https:\/\/santemc.quebec\/santemc\/icentre\/wp-content\/uploads\/2022\/09\/image-2-e1663678765170.png\" alt=\"\" width=\"245\" height=\"230\" \/><\/a><\/p>\n<p><strong>Pilote SIL r\u00e9gional<\/strong><br \/>\nAlexandre Boulais<br \/>\nAssistant-chef \u2013 Pilote SIL r\u00e9gional<\/p>\n<\/div>\n<\/div>\n","protected":false},"excerpt":{"rendered":"<p>Le transfert \u00e9lectronique de l\u2019information entre les laboratoires, \u00e0 travers le syst\u00e8me d\u2019information des laboratoires (SIL), est un \u00e9l\u00e9ment essentiel pour l\u2019am\u00e9lioration de la qualit\u00e9 et de l\u2019efficience globale du r\u00e9seau. L\u2019objectif ultime est de permettre une fluidit\u00e9 de l\u2019information, &hellip; <a href=\"https:\/\/santemc.quebec\/icentre\/systeme-dinformation-des-laboratoires-sil\/\">Continuer la lecture <span class=\"meta-nav\">&rarr;<\/span><\/a><\/p>\n","protected":false},"author":1,"featured_media":0,"parent":0,"menu_order":0,"comment_status":"closed","ping_status":"closed","template":"sil.php","meta":{"footnotes":""},"_links":{"self":[{"href":"https:\/\/santemc.quebec\/icentre\/wp-json\/wp\/v2\/pages\/204546"}],"collection":[{"href":"https:\/\/santemc.quebec\/icentre\/wp-json\/wp\/v2\/pages"}],"about":[{"href":"https:\/\/santemc.quebec\/icentre\/wp-json\/wp\/v2\/types\/page"}],"author":[{"embeddable":true,"href":"https:\/\/santemc.quebec\/icentre\/wp-json\/wp\/v2\/users\/1"}],"replies":[{"embeddable":true,"href":"https:\/\/santemc.quebec\/icentre\/wp-json\/wp\/v2\/comments?post=204546"}],"version-history":[{"count":66,"href":"https:\/\/santemc.quebec\/icentre\/wp-json\/wp\/v2\/pages\/204546\/revisions"}],"predecessor-version":[{"id":208158,"href":"https:\/\/santemc.quebec\/icentre\/wp-json\/wp\/v2\/pages\/204546\/revisions\/208158"}],"wp:attachment":[{"href":"https:\/\/santemc.quebec\/icentre\/wp-json\/wp\/v2\/media?parent=204546"}],"curies":[{"name":"wp","href":"https:\/\/api.w.org\/{rel}","templated":true}]}}