{"id":204548,"date":"2022-02-10T10:53:57","date_gmt":"2022-02-10T15:53:57","guid":{"rendered":"https:\/\/santemc.quebec\/icentre\/?page_id=204548"},"modified":"2023-11-15T15:17:08","modified_gmt":"2023-11-15T20:17:08","slug":"faq","status":"publish","type":"page","link":"https:\/\/santemc.quebec\/icentre\/systeme-dinformation-des-laboratoires-sil\/faq\/","title":{"rendered":"Documents \u00e0 t\u00e9l\u00e9charger"},"content":{"rendered":"<h3><\/h3>\n<div>\n<p><strong>Applicable \u00e0 tous les laboratoires<\/strong><\/p>\n<p><a href=\"https:\/\/santemc.quebec\/santemc\/icentre\/wp-content\/uploads\/2023\/04\/INESSS.pdf\" target=\"_blank\" rel=\"noopener\">R\u00e8gles de l\u2019INESSS appliqu\u00e9es au SILP<\/a><br \/>\n<a href=\"https:\/\/est.omni-assistant.net\/csssjr-labo\/Document\/Handlers\/FileStreamer.ashx?Df_Guid=9d2e4936-cc5a-47f0-9e30-7b19a3891a17&amp;MostRecentDocument=true\" target=\"_blank\" rel=\"noopener\">Guide d&rsquo;utilisation ou param\u00e9trage SoftWebPlus<\/a><br \/>\n<a href=\"https:\/\/santemc.quebec\/santemc\/icentre\/wp-content\/uploads\/2022\/09\/2022-07-05-Plan-de-formation-SoftWebPlus_etablissement_V4.pdf\" target=\"_blank\" rel=\"noopener\">Plan de formation SoftWebPlus<\/a><br \/>\n<a href=\"https:\/\/est.omni-assistant.net\/csssjr-labo\/Document\/DocumentDownloader.aspx?Df_Guid=56d775fa-a07f-4269-816d-10047d5ff980\" target=\"_blank\" rel=\"noopener\">Cliniques_SIL-P<\/a><\/p>\n<p><a href=\"https:\/\/est.omni-assistant.net\/csssjr-labo\/Document\/Handlers\/FileStreamer.ashx?Df_Guid=41b996fd-373b-41bf-8319-1e4d40b53563&amp;MostRecentDocument=true\" target=\"_blank\" rel=\"noopener\">Proc\u00e9dure &#8211; Aide-m\u00e9moire pour l&rsquo;utilisation de SoftWebPlus<\/a><br \/>\n<a href=\"\/\/est.omni-assistant.net\/csssjr-labo\/Document\/DocumentDownloader.aspx?Df_Guid=a12075dc-4dea-4a93-b0f0-ffba83afe404\" target=\"_blank\" rel=\"noopener\">Proc\u00e9dure &#8211; Saisie et gestion des requ\u00eates\u00a0<\/a><br \/>\n<a href=\"https:\/\/est.omni-assistant.net\/csssjr-labo\/Document\/DocumentDownloader.aspx?Df_Guid=43af523a-689a-4e79-83f8-df4439fcb6dd\" target=\"_blank\" rel=\"noopener\">Proc\u00e9dure \u2013 Enregistrement des informations li\u00e9es au pr\u00e9l\u00e8vement<\/a><br \/>\n<a href=\"https:\/\/est.omni-assistant.net\/csssjr-labo\/Document\/DocumentDownloader.aspx?Df_Guid=5010a43e-8818-4fb0-864c-44958245f12c\" target=\"_blank\" rel=\"noopener\">Proc\u00e9dure \u2013 Production et suivi d\u2019un manifeste de transport<\/a><br \/>\n<a href=\"\/\/est.omni-assistant.net\/csssjr-labo\/Document\/DocumentDownloader.aspx?Df_Guid=1e9469a8-77df-4096-b850-0cc254df4066\" target=\"_blank\" rel=\"noopener\">Proc\u00e9dure \u2013 Consultation des r\u00e9sultats<\/a><br \/>\n<a href=\"https:\/\/est.omni-assistant.net\/csssjr-labo\/Document\/DocumentDownloader.aspx?Df_Guid=a0765f86-36a0-4eac-a116-a10a79c61b4f\" target=\"_blank\" rel=\"noopener\">Proc\u00e9dure \u2013 Production de rapports<\/a><br \/>\n<a href=\"https:\/\/santemc.quebec\/santemc\/icentre\/wp-content\/uploads\/2023\/11\/LS2208.pdf\" target=\"_blank\" rel=\"noopener\"><span class=\"ui-provider ee bgq bcr cei cej cek cel cem cen ceo cep ceq cer ces cet ceu cev cew cex cey cez cfa cfb cfc cfd cfe cff cfg cfh cfi cfj cfk cfl cfm cfn\" dir=\"ltr\">Proc\u00e9dure LS2208<\/span><\/a><br \/>\n<a href=\"https:\/\/santemc.quebec\/santemc\/icentre\/wp-content\/uploads\/2022\/09\/Exemple-rapport-Hematologie.pdf\" target=\"_blank\" rel=\"noopener\">Exemple rapport H\u00e9matologie<\/a><br \/>\n<a href=\"https:\/\/santemc.quebec\/santemc\/icentre\/wp-content\/uploads\/2022\/09\/Exemple-rapport-Microbiologie.pdf\" target=\"_blank\" rel=\"noopener\">Exemple rapport Microbiologie<\/a><br \/>\n<a href=\"https:\/\/santemc.quebec\/santemc\/icentre\/wp-content\/uploads\/2022\/09\/Exemple-rapport-Biochimie.pdf\" target=\"_blank\" rel=\"noopener\">Exemple rapport Biochimie<\/a><br \/>\n<a href=\"https:\/\/santemc.quebec\/santemc\/icentre\/wp-content\/uploads\/2022\/08\/Explication-rapport-resultats-microbiologie.pdf\" target=\"_blank\" rel=\"noopener\">Explication rapport r\u00e9sultats microbiologie<\/a><br \/>\n<a href=\"https:\/\/santemc.quebec\/santemc\/icentre\/wp-content\/uploads\/2022\/08\/Explication-rapport-resultats-biochimie-hematologie-2.pdf\" target=\"_blank\" rel=\"noopener\">Explication rapport r\u00e9sultats biochimie h\u00e9matologie<\/a><\/p>\n<p><a href=\"https:\/\/santemc.quebec\/santemc\/icentre\/wp-content\/uploads\/2022\/09\/Nouvelles-etiquettes.pdf\" target=\"_blank\" rel=\"noopener\">Nouvelles \u00e9tiquettes<\/a><br \/>\n<a href=\"https:\/\/santemc.quebec\/santemc\/icentre\/wp-content\/uploads\/2022\/09\/Guide-chargement-etiquettes-GK420.doc\" target=\"_blank\" rel=\"noopener\">Guide chargement \u00e9tiquettes GK420<\/a><br \/>\n<a href=\"https:\/\/santemc.quebec\/santemc\/icentre\/wp-content\/uploads\/2022\/09\/Guide-chargement-etiquettes-105-SL.doc\" target=\"_blank\" rel=\"noopener\">Guide chargement \u00e9tiquettes 105 SL<\/a><\/p>\n<p><strong>Applicable \u00e0 un laboratoire sp\u00e9cifique<\/strong><\/p>\n<p><a href=\"https:\/\/santemc.quebec\/santemc\/icentre\/wp-content\/uploads\/2022\/11\/Aide-memoire-Deploiement-SIL-P-HSR-HBM-VS-3.pdf\" target=\"_blank\" rel=\"noopener\">(HSR-HBM) Aide-m\u00e9moire pour le d\u00e9ploiement SIL-P<\/a><br \/>\n<a href=\"https:\/\/santemc.quebec\/santemc\/icentre\/wp-content\/uploads\/2023\/01\/Procedure-pour-Impression-detiquette-Cortex-vs-SoftWebPlus_v3.pdf\" target=\"_blank\" rel=\"noopener\">(HHR)_Proc\u00e9dure pour Impression d&rsquo;\u00e9tiquette Cortex vs SoftWebPlus<\/a><br \/>\n<a href=\"https:\/\/santemc.quebec\/santemc\/icentre\/wp-content\/uploads\/2023\/02\/Aide-memoire-Deploiement-SIL-P-HPB-1.pdf\">(HPB) Aide-m\u00e9moire : D\u00e9ploiement SIL-P<\/a><br \/>\n<a href=\"https:\/\/santemc.quebec\/santemc\/icentre\/wp-content\/uploads\/2023\/03\/Aide-memoire-Deploiement-SIL-P-HCLM.pdf\" target=\"_blank\" rel=\"noopener\">(HCLM)_Aide-m\u00e9moire D\u00e9ploiement SIL-P<\/a><br \/>\n<a href=\"https:\/\/santemc.quebec\/santemc\/icentre\/wp-content\/uploads\/2023\/11\/crayon.pdf\" target=\"_blank\" rel=\"noopener\"><span class=\"ui-provider ee bgq bcr cei cej cek cel cem cen ceo cep ceq cer ces cet ceu cev cew cex cey cez cfa cfb cfc cfd cfe cff cfg cfh cfi cfj cfk cfl cfm cfn\" dir=\"ltr\">Proc\u00e9dure crayon<\/span><\/a><\/p>\n<\/div>\n","protected":false},"excerpt":{"rendered":"<p>Applicable \u00e0 tous les laboratoires R\u00e8gles de l\u2019INESSS appliqu\u00e9es au SILP Guide d&rsquo;utilisation ou param\u00e9trage SoftWebPlus Plan de formation SoftWebPlus Cliniques_SIL-P Proc\u00e9dure &#8211; Aide-m\u00e9moire pour l&rsquo;utilisation de SoftWebPlus Proc\u00e9dure &#8211; Saisie et gestion des requ\u00eates\u00a0 Proc\u00e9dure \u2013 Enregistrement des informations &hellip; <a href=\"https:\/\/santemc.quebec\/icentre\/systeme-dinformation-des-laboratoires-sil\/faq\/\">Continuer la lecture <span class=\"meta-nav\">&rarr;<\/span><\/a><\/p>\n","protected":false},"author":1,"featured_media":0,"parent":204546,"menu_order":2,"comment_status":"closed","ping_status":"closed","template":"sil.php","meta":{"footnotes":""},"_links":{"self":[{"href":"https:\/\/santemc.quebec\/icentre\/wp-json\/wp\/v2\/pages\/204548"}],"collection":[{"href":"https:\/\/santemc.quebec\/icentre\/wp-json\/wp\/v2\/pages"}],"about":[{"href":"https:\/\/santemc.quebec\/icentre\/wp-json\/wp\/v2\/types\/page"}],"author":[{"embeddable":true,"href":"https:\/\/santemc.quebec\/icentre\/wp-json\/wp\/v2\/users\/1"}],"replies":[{"embeddable":true,"href":"https:\/\/santemc.quebec\/icentre\/wp-json\/wp\/v2\/comments?post=204548"}],"version-history":[{"count":96,"href":"https:\/\/santemc.quebec\/icentre\/wp-json\/wp\/v2\/pages\/204548\/revisions"}],"predecessor-version":[{"id":207857,"href":"https:\/\/santemc.quebec\/icentre\/wp-json\/wp\/v2\/pages\/204548\/revisions\/207857"}],"up":[{"embeddable":true,"href":"https:\/\/santemc.quebec\/icentre\/wp-json\/wp\/v2\/pages\/204546"}],"wp:attachment":[{"href":"https:\/\/santemc.quebec\/icentre\/wp-json\/wp\/v2\/media?parent=204548"}],"curies":[{"name":"wp","href":"https:\/\/api.w.org\/{rel}","templated":true}]}}