{"id":204550,"date":"2022-02-10T10:54:45","date_gmt":"2022-02-10T15:54:45","guid":{"rendered":"https:\/\/santemc.quebec\/icentre\/?page_id=204550"},"modified":"2024-05-14T13:17:59","modified_gmt":"2024-05-14T17:17:59","slug":"actualites","status":"publish","type":"page","link":"https:\/\/santemc.quebec\/icentre\/systeme-dinformation-des-laboratoires-sil\/actualites\/","title":{"rendered":"Notes de service"},"content":{"rendered":"<p><span style=\"color: #ff0000;\">Notez que les dates de d\u00e9ploiement mentionn\u00e9es dans les notes de service sont sujettes \u00e0 \u00eatre modifi\u00e9es. L&rsquo;information s&rsquo;y retrouvant reste actuelle. <\/span><\/p>\n<p><span style=\"color: #000000;\">Les plus r\u00e9centes dates de d\u00e9ploiement pr\u00e9vues sont celles-ci :\u00a0<\/span><\/p>\n<p><strong>\u00c9ch\u00e9ancier en date du <span style=\"color: #ff0000;\">14 mai 2024 (mise \u00e0 jour des dates)<\/span><\/strong><\/p>\n<p><strong>D\u00e9but de la phase<em>\u00a0D\u00e9ploiement\u00a0<\/em><\/strong><\/p>\n<p>CH = Centre hospitalier<\/p>\n<p><strong>Territoires \u00e0 implanter<\/strong><\/p>\n<ul>\n<li>Territoire du CH Anna-Laberge\u00a0 \u00a0 \u00a0 \u00a0 \u00a0 \u00a0 \u00a0 \u00a0<span style=\"color: #ff0000;\">\u00a0 4 juin 2024<br \/>\n<span style=\"color: #000000;\">(Interface DCI\/SIL-P) <a href=\"https:\/\/intranet.cisssmo.rtss.qc.ca\/fr\/page\/nos-directions\/direction-regionale-des-laboratoires\/systeme-informatique-des-laboratoires-provincial-silp\" target=\"_blank\" rel=\"noopener\">En savoir plus<\/a><\/span><\/span><\/li>\n<\/ul>\n<p><strong>Territoire de l&rsquo;H\u00f4pital du Haut-Richelieu\u00a0 <\/strong><\/p>\n<p class=\"x_MsoListParagraph\"><a href=\"https:\/\/santemc.quebec\/santemc\/icentre\/wp-content\/uploads\/2023\/11\/2023-11-21-NS-Note-Preleveur-Passage_SIL-P_Changements_preanalytiques_HHR-1.pdf\" target=\"_blank\" rel=\"noopener\">Passage au SIL-P le 28 novembre 2023 &#8211; Changements pr\u00e9analytiques<\/a> (2023-11-21)<br \/>\n<a href=\"https:\/\/santemc.quebec\/santemc\/icentre\/wp-content\/uploads\/2023\/11\/2023-11-20-HHR-Code-utilisateur-formation-prescripteurs-Nouveau_systeme_information_laboratoire_provincial-Microsite.pdf\" target=\"_blank\" rel=\"noopener\">Formation pour prescripteurs <\/a>(2023-11-20)<br \/>\n<a href=\"https:\/\/santemc.quebec\/santemc\/icentre\/wp-content\/uploads\/2023\/11\/2023-11-20-NS-HHR-Deploiement-Nouveau_systeme_information_laboratoire_provincial.pdf\" target=\"_blank\" rel=\"noopener\">D\u00e9ploiement du SIL-P l le 28 novembre 2023 <\/a>(2023-11-20)<br \/>\n<a href=\"https:\/\/santemc.quebec\/santemc\/icentre\/wp-content\/uploads\/2023\/12\/Aide-memoire-Deploiement-SIL-P-HHR.pdf\" target=\"_blank\" rel=\"noopener\">Aide-m\u00e9moire pour le d\u00e9ploiement du SIL-P : Aide m\u00e9moire D\u00e9ploiement SIL-P<\/a> (2023-11-20)<br \/>\n<a href=\"https:\/\/santemc.quebec\/santemc\/icentre\/wp-content\/uploads\/2023\/11\/2023-11-09-Report-deploiement-Nouveau-systeme-information-laboratoire_provincial-HHR.pdf\" target=\"_blank\" rel=\"noopener\">Report date de d\u00e9ploiement &#8211; 28 novembre 2023<\/a> (2023-11-09)<br \/>\n<a href=\"https:\/\/santemc.quebec\/santemc\/icentre\/wp-content\/uploads\/2023\/11\/2023-11-01-NS-HHR-Note-Medical-Passage_SIL-P_Changements_cliniques.pdf\" target=\"_blank\" rel=\"noopener\">Passage au SIL-P le 21 novembre &#8211; Changements clinique H\u00f4pital du Haut-Richelieu<\/a> (2023-11-01)<br \/>\n<a href=\"https:\/\/santemc.quebec\/santemc\/icentre\/wp-content\/uploads\/2023\/10\/2023-10-23-NS-HHR-Nouvelles-etiquettes-Nouveau_systeme_information_laboratoire_provincial.pdf\" target=\"_blank\" rel=\"noopener\">Nouvelles \u00e9tiquettes &#8211; Nouveau SIL-P<\/a> (2023-10-23)<br \/>\n<a href=\"https:\/\/santemc.quebec\/santemc\/icentre\/wp-content\/uploads\/2023\/10\/2023-10-23-NS-HHR-Nouveaux-rapport-resultats-Nouveau_systeme_information_laboratoire_provincial.pdf\" target=\"_blank\" rel=\"noopener\">Nouveaux rapport de r\u00e9sultats &#8211; Nouveau SIL-P<\/a> (2023-10-23)<br \/>\n<a href=\"https:\/\/santemc.quebec\/santemc\/icentre\/wp-content\/uploads\/2023\/10\/2023-10-23-NS-HHR-Enregistrements-requetes-Nouveau_systeme_information_laboratoire_provincial.pdf\" target=\"_blank\" rel=\"noopener\">Nouveaux \u00e9crans pour l&rsquo;enregistrement des sp\u00e9cimens &#8211; Nouveau SIL-P<\/a> (2023-10-23)<br \/>\n<a href=\"https:\/\/santemc.quebec\/santemc\/icentre\/wp-content\/uploads\/2023\/10\/2023-10-10-NS-HHR-Formation_utilisateurs-Nouveau_systeme_information_laboratoire_provincial.pdf\" target=\"_blank\" rel=\"noopener\">Formation des utilisateurs &#8211; Nouveau SIL-P<\/a> (2023-10-10)<br \/>\n<a href=\"https:\/\/santemc.quebec\/santemc\/icentre\/wp-content\/uploads\/2023\/10\/2023-10-10-NS-HHR-Consultation_historique_resultats-Nouveau_systeme_information_laboratoire_provincial.pdf\" target=\"_blank\" rel=\"noopener\">Consultation historique des r\u00e9sultats &#8211; Nouveau SIL-P<\/a> (2023-10-10)<\/p>\n<p><strong>Territoire de l&rsquo;H\u00f4pital Honor\u00e9-Mercier<\/strong><\/p>\n<p><a href=\"https:\/\/santemc.quebec\/santemc\/icentre\/wp-content\/uploads\/2023\/10\/2023-10-23-NS-HHM-Deploiement-Nouveau_systeme_information_laboratoire_provincial.pdf\" target=\"_blank\" rel=\"noopener\">D\u00e9ploiement du SIL-P le 31 octobre 2023<\/a> (2023-10-23)<br \/>\n<a href=\"https:\/\/santemc.quebec\/santemc\/icentre\/wp-content\/uploads\/2023\/10\/2023-10-23-NS-HHM-Deploiement-Aide-memoire-Deploiement-SIL-P.pdf\" target=\"_blank\" rel=\"noopener\">Aide-m\u00e9moire pour le d\u00e9ploiement du SIL-P<\/a> (2023-10-23)<br \/>\n<a href=\"https:\/\/santemc.quebec\/santemc\/icentre\/wp-content\/uploads\/2023\/09\/2023-09-18-NS-HHM-Consultation_historique_resultats-Nouveau_systeme_information_laboratoire_provincial.pdf\" target=\"_blank\" rel=\"noopener\">Consultation historique des r\u00e9sultats \u2014 Nouveau SIL-P<\/a> (2023-09-18)<br \/>\n<a href=\"https:\/\/santemc.quebec\/santemc\/icentre\/wp-content\/uploads\/2023\/09\/2023-09-18-NS-HHM-Formation_utilisateurs-Nouveau_systeme_information_laboratoire_provincial.pdf\" target=\"_blank\" rel=\"noopener\">Formation des utilisateurs \u2014 Nouveau SIL-P<\/a> (2023-09-18)<br \/>\n<a href=\"https:\/\/santemc.quebec\/santemc\/icentre\/wp-content\/uploads\/2023\/10\/2023-10-02-NS-HHM-Nouvelles-etiquettes-Nouveau_systeme_information_laboratoire_provincial.pdf\" target=\"_blank\" rel=\"noopener\">Nouvelles \u00e9tiquettes \u2014 Nouveau SIL-P<\/a> (2023-10-02)<br \/>\n<a href=\"https:\/\/santemc.quebec\/santemc\/icentre\/wp-content\/uploads\/2023\/10\/2023-10-02-NS-HHM-Nouveaux-rapport-resultats-Nouveau_systeme_information_laboratoire_provincial.pdf\" target=\"_blank\" rel=\"noopener\">Nouveaux rapports de r\u00e9sultats \u2014 Nouveau SIL-P\u00a0<\/a>(2023-10-02)<br \/>\n<a href=\"https:\/\/santemc.quebec\/santemc\/icentre\/wp-content\/uploads\/2023\/10\/2023-10-02-NS-HHM-Note-Medical-Passage_SIL-P_Changements_cliniques.pdf\" target=\"_blank\" rel=\"noopener\">Passage au syst\u00e8me d&rsquo;information du laboratoire provincial &#8211; Changement cliniques<\/a> (2023-10-02)<br \/>\n<a href=\"https:\/\/santemc.quebec\/santemc\/icentre\/wp-content\/uploads\/2023\/10\/2023-10-02-NS-HHM-Enregistrements-requetes-Nouveau_systeme_information_laboratoire_provincial-1.pdf\" target=\"_blank\" rel=\"noopener\">Nouveaux \u00e9crans pour l&rsquo;enregistrement des sp\u00e9cimens<\/a> (2023-10-02)<\/p>\n<p><strong>Territoire de l&rsquo;H\u00f4pital H\u00f4tel-Dieu de Sorel<\/strong><\/p>\n<div>\n<p><a href=\"https:\/\/santemc.quebec\/santemc\/icentre\/wp-content\/uploads\/2023\/09\/2023-09-18-HDS-Deploiement-Nouveau_systeme_information_laboratoire_provincial.pdf\" target=\"_blank\" rel=\"noopener\">D\u00e9ploiement du SIL-P le 26 septembre 2023<\/a> (2023-09-18)<br \/>\n<a href=\"https:\/\/santemc.quebec\/santemc\/icentre\/wp-content\/uploads\/2023\/09\/2023-09-18-HDS-Aide-memoire-Deploiement-SIL-P-HDS.pdf\" target=\"_blank\" rel=\"noopener\">Aide-m\u00e9moire pour le d\u00e9ploiement du SIL-P<\/a> (2023-09-18)<br \/>\n<a href=\"https:\/\/santemc.quebec\/santemc\/icentre\/wp-content\/uploads\/2023\/09\/2023-08-28-Nouvelles-etiquettes-Nouveau_systeme_information_laboratoire_provincial-HDS.pdf\" target=\"_blank\" rel=\"noopener\">Nouvelles \u00e9tiquettes \u2014 Nouveau SIL-P<\/a>\u00a0(2023-08-28)<br \/>\n<a href=\"https:\/\/santemc.quebec\/santemc\/icentre\/wp-content\/uploads\/2023\/09\/2023-08-28-Nouveaux-rapport-resultats-Nouveau_systeme_information_laboratoire_provincial-HDS.pdf\" target=\"_blank\" rel=\"noopener\">Nouveaux rapports de r\u00e9sultats \u2014 Nouveau SIL-P)<\/a>\u00a0(2023-08-28)<br \/>\n<a href=\"https:\/\/santemc.quebec\/santemc\/icentre\/wp-content\/uploads\/2023\/09\/2023-08-28-Note-Medical-Passage_SIL-P_Changements_cliniques-HDS.pdf\" target=\"_blank\" rel=\"noopener\">Passage au SIL-P le 26 septembre 2023 \u2014 Changements cliniques H\u00f4tel-Dieu de Sorel<\/a> (2023-08-28)<br \/>\n<a href=\"https:\/\/santemc.quebec\/santemc\/icentre\/wp-content\/uploads\/2023\/09\/2023-08-28-Enregistrements-requetes-Nouveau_systeme_information_laboratoire_provincial-HDS.pdf\" target=\"_blank\" rel=\"noopener\">Nouveaux \u00e9crans pour l\u2019enregistrement des sp\u00e9cimens \u2014 Nouveau SIL-P<\/a>\u00a0(2023-08-28)<br \/>\n<a href=\"https:\/\/santemc.quebec\/santemc\/icentre\/wp-content\/uploads\/2023\/09\/2023-08-14-Consultation_historique_resultats-Nouveau_systeme_information_laboratoire_provincial-HDS.pdf\" target=\"_blank\" rel=\"noopener\">Consultation historique des r\u00e9sultats \u2014 Nouveau SIL-P<\/a>\u00a0(2023-08-14)<br \/>\n<a href=\"https:\/\/santemc.quebec\/santemc\/icentre\/wp-content\/uploads\/2023\/09\/2023-08-14-Formation_utilisateurs-ENA-Nouveau_systeme_information_laboratoire_provincial-HDS.pdf\" target=\"_blank\" rel=\"noopener\">Formation des utilisateurs \u2014 Nouveau SIL-P<\/a>\u00a0(2023-08-14)<\/p>\n<\/div>\n<p><strong>Territoire de l&rsquo;H\u00f4pital Charles-Le Moyne<br \/>\n<\/strong><\/p>\n<p><a href=\"https:\/\/santemc.quebec\/santemc\/icentre\/wp-content\/uploads\/2023\/02\/2023-02-01-Passage_systeme_information_laboratoire_provincial-\u2014-Changements-cliniques_-HCL.pdf\">Passage au SIL-P \u2014 Changements cliniques<\/a> (2023-02-01)<br \/>\n<a href=\"https:\/\/santemc.quebec\/santemc\/icentre\/wp-content\/uploads\/2022\/12\/2022-12-21-Nouvelle-date-deploiement-Nouveau-systeme-information-laboratoire_provincial-HCL.pdf\" target=\"_blank\" rel=\"noopener\">Nouvelle date de d\u00e9ploiement du SIL-P<\/a> (2022-12-21)<br \/>\n<a href=\"https:\/\/santemc.quebec\/santemc\/icentre\/wp-content\/uploads\/2022\/12\/2022-12-02-Report_deploiement_systeme_information_laboratoire_provincial_territoires_HCLM-002.pdf\" target=\"_blank\" rel=\"noopener\">Report du d\u00e9ploiement du SIL-P<\/a> (2022-12-02)<br \/>\n<a href=\"https:\/\/santemc.quebec\/santemc\/icentre\/wp-content\/uploads\/2022\/11\/2022-11-14-Nouvelles-etiquettes-Nouveau_systeme_information_laboratoire_provincial-HCL.pdf\">Nouvelles \u00e9tiquettes &#8211; Nouveau SIL-P<\/a> (2022-11-14)<br \/>\n<a href=\"https:\/\/santemc.quebec\/santemc\/icentre\/wp-content\/uploads\/2022\/11\/2022-11-14-Nouveaux-rapport-resultats-Nouveau_systeme_information_laboratoire_provincial-HCL.pdf\">Nouveaux rapport r\u00e9sultats &#8211; Nouveau SIL-P<\/a> (2022-11-14)<br \/>\n<a href=\"https:\/\/santemc.quebec\/santemc\/icentre\/wp-content\/uploads\/2022\/11\/2022-11-14-HCL_Passage_systeme_information_laboratoire_provincial-\u2014-Changements-cliniques.pdf\">Passage au syst\u00e8me d&rsquo;information du laboratoire provincial \u2014 Changements cliniques<\/a> (2022-11-14)<br \/>\n<a href=\"https:\/\/santemc.quebec\/santemc\/icentre\/wp-content\/uploads\/2022\/11\/2022-11-14-Enregistrements-requetes-Nouveau_systeme_information_laboratoire_provincial-HCL.pdf\">Enregistrements des requ\u00eates &#8211; Nouveau SIL-P<\/a> (2022-11-14)<br \/>\n<a href=\"https:\/\/santemc.quebec\/santemc\/icentre\/wp-content\/uploads\/2022\/11\/2022-11-02-Consultation_historique_resultats-Nouveau_systA\u00a8me_information_laboratoire_provincial.pdf\">Consultation historique des resultats &#8211; Nouveau SIL-P <\/a>(2022-11-02)<br \/>\n<a href=\"https:\/\/santemc.quebec\/santemc\/icentre\/wp-content\/uploads\/2022\/11\/2022-09-30-Formation_utilisateurs-Nouveau_systeme_information_laboratoire_provincial-1.pdf\">Formation des utilisateurs &#8211; Nouveau SIL-P<\/a> (2022-09-30)<br \/>\n<a href=\"https:\/\/santemc.quebec\/santemc\/icentre\/wp-content\/uploads\/2022\/10\/2022-10-25-Report_dA\u00a9ploiement_systA\u00a8me_information_laboratoire_provincial_territoires_HCLM.pdf\" target=\"_blank\" rel=\"noopener\">Report du d\u00e9ploiement -Nouveau SIL-P<\/a> (2022-10-25)<\/p>\n<p><strong>Territoire de l&rsquo;H\u00f4pital Pierre-Boucher<\/strong><\/p>\n<p><span style=\"color: #ff0000;\"><span style=\"color: #000000;\"><a href=\"https:\/\/santemc.quebec\/santemc\/icentre\/wp-content\/uploads\/2023\/01\/2023-01-30-NDS-HPB-Mise-a-jour-repertoire-analyse-Nouveaux-codes-SILP.pdf\">Mise \u00e0 jour du r\u00e9pertoire des analyses : SIL-P<\/a> (2023-01-30)<br \/>\n<a href=\"https:\/\/santemc.quebec\/santemc\/icentre\/wp-content\/uploads\/2023\/01\/2023-01-19-NS_Arret_Planifie_Cobas-IT_HPB.pdf\">Arr\u00eat temporaire de Cobas IT &#8211; H\u00f4pital Pierre-Boucher<\/a> (2023-01-19)<\/span><br \/>\n<a href=\"https:\/\/santemc.quebec\/santemc\/icentre\/wp-content\/uploads\/2023\/01\/2023-01-17_NS_Rappel_Passage_SIL-P_Changements_cliniques_HPB.pdf\">Rappel des changements cliniques_ SIL-P<\/a><\/span>(2023-01-17)<span style=\"color: #ff0000;\"><br \/>\n<a href=\"https:\/\/santemc.quebec\/santemc\/icentre\/wp-content\/uploads\/2023\/01\/2023-01-17_NS_Changements_mineurs_DPI_Nouveau_SIL-P_HPB.pdf\">Changements mineurs_DPI :Nouveau SIL-P<\/a><\/span>(2023-01-17)<span style=\"color: #ff0000;\"><br \/>\n<a href=\"https:\/\/santemc.quebec\/santemc\/icentre\/wp-content\/uploads\/2023\/01\/2023-01-17_NS_Deploiement_SIL-P_HPB.pdf\">D\u00e9ploiement du SIL-P<\/a><\/span>(2023-01-17)<span style=\"color: #ff0000;\"><br \/>\n<a href=\"https:\/\/santemc.quebec\/santemc\/icentre\/wp-content\/uploads\/2023\/01\/2023-01-04_NS_Nouvelles_etiquettes-Nouveau_SIL-P_HPB_CISSSME.pdf\">Nouvelles etiquettes : Nouveau SIL-P <\/a><\/span>(2023-01-04)<span style=\"color: #ff0000;\"><br \/>\n<a href=\"https:\/\/santemc.quebec\/santemc\/icentre\/wp-content\/uploads\/2023\/01\/2023-01-04_NS_Nouveaux_rapports_resultats-Nouveau_SIL-P_HPB_CISSSME.pdf\">Nouveaux rapports des r\u00e9sultats : Nouveau SIL-P<\/a><\/span>(2023-01-04)<span style=\"color: #ff0000;\"><br \/>\n<a href=\"https:\/\/santemc.quebec\/santemc\/icentre\/wp-content\/uploads\/2023\/01\/2023-01-04_NS_Enregistrements_requetes-Nouveau_SIL-P_HPB_CISSSME.pdf\">Enregistrements des requ\u00eates : Nouveau SIL-P<\/a> <\/span>(2023-01-04)<span style=\"color: #ff0000;\"><br \/>\n<a href=\"https:\/\/santemc.quebec\/santemc\/icentre\/wp-content\/uploads\/2022\/11\/2022-11-28-Consultation_historique_resultats-Nouveau_systeme_information_laboratoire_provincial-HPB.pdf\" target=\"_blank\" rel=\"noopener\">Consultation historique des r\u00e9sultats :\u00a0 Nouveau SIL-P<\/a><\/span>(2022-11-28)<span style=\"color: #ff0000;\"><br \/>\n<a href=\"https:\/\/santemc.quebec\/santemc\/icentre\/wp-content\/uploads\/2022\/11\/2022-11-28-Formation_utilisateurs-Nouveau_systeme_information_laboratoire_provincial-HPB.pdf\" target=\"_blank\" rel=\"noopener\">Formation des utilisateurs : Nouveau SIL-P<\/a> <\/span>(2022-11-28)<\/p>\n<p><strong>Territoires de l&rsquo;H\u00f4pital du Suro\u00eet, de\u00a0 l&rsquo;H\u00f4pital Barrie Memorial et de Vaudreuil-Soulanges<\/strong><\/p>\n<p><span style=\"color: #ff0000;\">IMPORTANT :<\/span> <a href=\"https:\/\/santemc.quebec\/santemc\/icentre\/wp-content\/uploads\/2022\/09\/2022-09-22-Report_deploiement_systeme_information_laboratoire_provincial_territoires_Ouest.pdf\">Report du d\u00e9ploiement du SIL-P pour les territoires de l&rsquo;Ouest<\/a> (2022-09-26)<br \/>\n<a href=\"https:\/\/santemc.quebec\/santemc\/icentre\/wp-content\/uploads\/2022\/09\/2022-08-30-Consultation_historique_resultats-Nouveau_systeme_information_laboratoire_provincial.pdf\" target=\"_blank\" rel=\"noopener\">Consultation de l&rsquo;historique des r\u00e9sultats du nouveau SIL-P<\/a> (30-08-22)<br \/>\n<a href=\"https:\/\/santemc.quebec\/santemc\/icentre\/wp-content\/uploads\/2022\/09\/2022-09-06_NS_Nouveaux_rapports_resultats_Nouveau_SIL-P_CISSSMO.pdf\" target=\"_blank\" rel=\"noopener\">Nouveaux rapports des r\u00e9sultats du nouveau SIL-P<\/a> (2022-09-06)<br \/>\n<a href=\"https:\/\/santemc.quebec\/santemc\/icentre\/wp-content\/uploads\/2022\/09\/2022-09-06-Nouvelles-etiquettes-Nouveau_systeme_information_laboratoire_provincial.pdf\" target=\"_blank\" rel=\"noopener\">Nouvelles \u00e9tiquettes du nouveau SIL-P<\/a> (2022-09-06)<br \/>\n<a href=\"https:\/\/santemc.quebec\/santemc\/icentre\/wp-content\/uploads\/2022\/09\/2022-09-06_NS_Enregistrement_requetes_Nouveau_SIL-P_CISSSMO.pdf\" target=\"_blank\" rel=\"noopener\">Enregistrement des requ\u00eates du nouveau SIL-P<\/a> (2022-09-06)<br \/>\n<a href=\"https:\/\/santemc.quebec\/santemc\/icentre\/wp-content\/uploads\/2022\/09\/2022-09-19-HBM_Passage_systeme_information_laboratoire_provincial-\u2014-Changements-cliniques.pdf\" target=\"_blank\" rel=\"noopener\">HBM &#8211; Changements cliniques du SIL-P<\/a> (2022-09-19)<br \/>\n<a href=\"https:\/\/santemc.quebec\/santemc\/icentre\/wp-content\/uploads\/2022\/09\/2022-09-19-HSR_Passage_systeme_information_laboratoire_provincial-\u2014-Changements-cliniques.pdf\" target=\"_blank\" rel=\"noopener\">HSR &#8211; Changements cliniques du SIL-P<\/a> (2022-09-19)<br \/>\n<a href=\"https:\/\/santemc.quebec\/santemc\/icentre\/wp-content\/uploads\/2022\/10\/2022-10-11-Formation_utilisateurs-Nouveau_systeme_information_laboratoire_provincial-HBM-HSR.pdf\" target=\"_blank\" rel=\"noopener\">Formation des utilisateurs du nouveau SIL-P<\/a> (2022-10-11)<br \/>\n<a href=\"https:\/\/santemc.quebec\/santemc\/icentre\/wp-content\/uploads\/2022\/10\/2022-10-11-Deploiement-Nouveau_systeme_information_laboratoire_provincial-HBM-HSR.pdf\" target=\"_blank\" rel=\"noopener\">D\u00e9ploiement du nouveau SIL-P<\/a> (2022-10-11)<\/p>\n<p>&nbsp;<\/p>\n","protected":false},"excerpt":{"rendered":"<p>Notez que les dates de d\u00e9ploiement mentionn\u00e9es dans les notes de service sont sujettes \u00e0 \u00eatre modifi\u00e9es. L&rsquo;information s&rsquo;y retrouvant reste actuelle. Les plus r\u00e9centes dates de d\u00e9ploiement pr\u00e9vues sont celles-ci :\u00a0 \u00c9ch\u00e9ancier en date du 14 mai 2024 (mise &hellip; <a href=\"https:\/\/santemc.quebec\/icentre\/systeme-dinformation-des-laboratoires-sil\/actualites\/\">Continuer la lecture <span class=\"meta-nav\">&rarr;<\/span><\/a><\/p>\n","protected":false},"author":1,"featured_media":0,"parent":204546,"menu_order":3,"comment_status":"closed","ping_status":"closed","template":"sil.php","meta":{"footnotes":""},"_links":{"self":[{"href":"https:\/\/santemc.quebec\/icentre\/wp-json\/wp\/v2\/pages\/204550"}],"collection":[{"href":"https:\/\/santemc.quebec\/icentre\/wp-json\/wp\/v2\/pages"}],"about":[{"href":"https:\/\/santemc.quebec\/icentre\/wp-json\/wp\/v2\/types\/page"}],"author":[{"embeddable":true,"href":"https:\/\/santemc.quebec\/icentre\/wp-json\/wp\/v2\/users\/1"}],"replies":[{"embeddable":true,"href":"https:\/\/santemc.quebec\/icentre\/wp-json\/wp\/v2\/comments?post=204550"}],"version-history":[{"count":88,"href":"https:\/\/santemc.quebec\/icentre\/wp-json\/wp\/v2\/pages\/204550\/revisions"}],"predecessor-version":[{"id":208159,"href":"https:\/\/santemc.quebec\/icentre\/wp-json\/wp\/v2\/pages\/204550\/revisions\/208159"}],"up":[{"embeddable":true,"href":"https:\/\/santemc.quebec\/icentre\/wp-json\/wp\/v2\/pages\/204546"}],"wp:attachment":[{"href":"https:\/\/santemc.quebec\/icentre\/wp-json\/wp\/v2\/media?parent=204550"}],"curies":[{"name":"wp","href":"https:\/\/api.w.org\/{rel}","templated":true}]}}