{"id":204552,"date":"2022-02-10T10:55:33","date_gmt":"2022-02-10T15:55:33","guid":{"rendered":"https:\/\/santemc.quebec\/icentre\/?page_id=204552"},"modified":"2024-10-01T13:24:04","modified_gmt":"2024-10-01T17:24:04","slug":"nous-joindre","status":"publish","type":"page","link":"https:\/\/santemc.quebec\/icentre\/systeme-dinformation-des-laboratoires-sil\/nous-joindre\/","title":{"rendered":"Pour toute question ou soutien, vous devez contacter le Super Utilisateur (SuperU) de votre site."},"content":{"rendered":"<h2><\/h2>\n<p><span style=\"color: #ff0000;\">Si vous rencontrez un probl\u00e8me avec un poste de travail ou une imprimante \u00e0 \u00e9tiquettes, vous devrez ouvrir un billet d\u2019incident dans le<\/span> <a href=\"https:\/\/monteregie.octopus-itsm.com\/Login.aspx\" target=\"_blank\" rel=\"noopener\">syst\u00e8me Octopus<\/a>.<\/p>\n<p><span style=\"color: #ff0000;\">Pour toute demande de cr\u00e9ation d\u2019un compte d\u2019acc\u00e8s utilisateur pour SoftWebPLus, modification des droits d\u2019acc\u00e8s \u00e0 un compte existant ou pour tout autre probl\u00e8me quant \u00e0 l&rsquo;utilisation du logiciel, vous devrez ouvrir un billet d&rsquo;incident dans le <a href=\"https:\/\/monteregie.octopus-itsm.com\/Login.aspx\" target=\"_blank\" rel=\"noopener\">syst\u00e8me Octopus<\/a>.<\/span><\/p>\n<div>\n<p>Pour faire r\u00e9activer un compte bloqu\u00e9 si urgent :<\/p>\n<p class=\"x_MsoNormal\"><strong>Laboratoire de l&rsquo;H\u00f4pital du Haut-Richelieu<br \/>\n<\/strong>JOUR : (450) 359-5000 poste \u00a02627<br \/>\nSOIR\/NUIT\/FIN DE SEMAINE\/JOURS F\u00c9RI\u00c9S : (450) 359-5000 poste 5205, option 5<\/p>\n<p><strong>Laboratoire de l&rsquo;H\u00f4pital Honor\u00e9-Mercier<br \/>\n<\/strong>JOUR-SOIR-NUIT-FDS : (450) 771-3333 poste 794236<\/p>\n<p><strong>Laboratoire de l\u2019H\u00f4pital H\u00f4tel-Dieu de Sorel<br \/>\n<\/strong>JOUR : (450) 746-6000 poste 7572 ou 7070<br \/>\nSOIR-NUIT-FDS : (450) 746-6000 poste 6040<\/p>\n<p><strong>Laboratoire de l&rsquo;H\u00f4pital du Suro\u00eet<br \/>\n<\/strong>JOUR : (450) 371-9920 poste 2103<br \/>\nSOIR-NUIT-FDS : (450) 371-9920 poste 2108<\/p>\n<\/div>\n<div>\n<p><strong>Laboratoire de l&rsquo;H\u00f4pital Barrie Memorial<br \/>\n<\/strong>JOUR : (450) 829-2321 poste 3276<br \/>\nSOIR-FDS : (450) 829-2321 poste: 3265<br \/>\nNUIT : (450) 371-9920 poste 2108<\/p>\n<p><strong>Laboratoire de l\u2019H\u00f4pital Pierre-Boucher<\/strong><br \/>\nJOUR \u2013 lundi au vendredi : (450) 468-8111 poste 82201 option 3<br \/>\nJOUR \u2013 FDS : poste 82247 ou 82201<br \/>\nSOIR \u2013 NUIT : poste 82247 ou 82201<\/p>\n<\/div>\n<p><strong>Laboratoire de l\u2019H\u00f4pital Charles-Lemoyne<\/strong><br \/>\nJOUR : (450) 466-5000 postes 2441 ou 2173 ou 2172<br \/>\nSOIR\/NUIT\/FIN DE SEMAINE\/JOURS F\u00c9RI\u00c9S : (450) 466-5000 poste 2441<\/p>\n<p><strong>Laboratoire de l\u2019H\u00f4pital Anna-Laberge<br \/>\n<\/strong><a href=\"https:\/\/intranet.cisssmo.rtss.qc.ca\/fr\/page\/nos-directions\/direction-regionale-des-laboratoires\/systeme-informatique-des-laboratoires-provincial-silp\" target=\"_blank\" rel=\"noopener\">Information<\/a><strong><br \/>\n<\/strong>Pour toute question relative \u00e0 la logistique en lien avec cette mise en ligne, SVP communiquez avec le laboratoire de l\u2019H\u00f4pital Anna-Laberge.<\/p>\n<ul>\n<li style=\"list-style-type: none;\">\n<ul>\n<li>Chef de service laboratoire : Audrey Ouellet, poste 4701;<\/li>\n<li>Assistant-chef administratif : Maxime B\u00e9dard, poste 4269.<\/li>\n<\/ul>\n<\/li>\n<\/ul>\n<p>&nbsp;<\/p>\n","protected":false},"excerpt":{"rendered":"<p>Si vous rencontrez un probl\u00e8me avec un poste de travail ou une imprimante \u00e0 \u00e9tiquettes, vous devrez ouvrir un billet d\u2019incident dans le syst\u00e8me Octopus. Pour toute demande de cr\u00e9ation d\u2019un compte d\u2019acc\u00e8s utilisateur pour SoftWebPLus, modification des droits d\u2019acc\u00e8s &hellip; <a href=\"https:\/\/santemc.quebec\/icentre\/systeme-dinformation-des-laboratoires-sil\/nous-joindre\/\">Continuer la lecture <span class=\"meta-nav\">&rarr;<\/span><\/a><\/p>\n","protected":false},"author":1,"featured_media":0,"parent":204546,"menu_order":4,"comment_status":"closed","ping_status":"closed","template":"sil.php","meta":{"footnotes":""},"_links":{"self":[{"href":"https:\/\/santemc.quebec\/icentre\/wp-json\/wp\/v2\/pages\/204552"}],"collection":[{"href":"https:\/\/santemc.quebec\/icentre\/wp-json\/wp\/v2\/pages"}],"about":[{"href":"https:\/\/santemc.quebec\/icentre\/wp-json\/wp\/v2\/types\/page"}],"author":[{"embeddable":true,"href":"https:\/\/santemc.quebec\/icentre\/wp-json\/wp\/v2\/users\/1"}],"replies":[{"embeddable":true,"href":"https:\/\/santemc.quebec\/icentre\/wp-json\/wp\/v2\/comments?post=204552"}],"version-history":[{"count":49,"href":"https:\/\/santemc.quebec\/icentre\/wp-json\/wp\/v2\/pages\/204552\/revisions"}],"predecessor-version":[{"id":208285,"href":"https:\/\/santemc.quebec\/icentre\/wp-json\/wp\/v2\/pages\/204552\/revisions\/208285"}],"up":[{"embeddable":true,"href":"https:\/\/santemc.quebec\/icentre\/wp-json\/wp\/v2\/pages\/204546"}],"wp:attachment":[{"href":"https:\/\/santemc.quebec\/icentre\/wp-json\/wp\/v2\/media?parent=204552"}],"curies":[{"name":"wp","href":"https:\/\/api.w.org\/{rel}","templated":true}]}}